{"id":103,"date":"2021-10-16T10:25:04","date_gmt":"2021-10-16T10:25:04","guid":{"rendered":"https:\/\/www.khasely.com\/?page_id=103"},"modified":"2022-01-27T19:06:18","modified_gmt":"2022-01-27T19:06:18","slug":"conditions-dutilisations","status":"publish","type":"page","link":"https:\/\/www.khasely.com\/en\/conditions-dutilisations\/","title":{"rendered":"Conditions d&rsquo;utilisations"},"content":{"rendered":"<p> Translation is coming, sorry it's long. <\/p>\n\n\n\n<h2 class=\"wp-block-heading\" id=\"article-1-objet\">Article 1 : Objet<\/h2>\n\n\n\n<p>Les pr\u00e9sentes CGU ou Conditions G\u00e9n\u00e9rales d\u2019Utilisation encadrent juridiquement l\u2019utilisation des services du site www.khasely.com (ci-apr\u00e8s d\u00e9nomm\u00e9 \u00ab le site \u00bb). Constituant le contrat entre la soci\u00e9t\u00e9 Khasely Witchcraft, l\u2019Utilisateurice, l\u2019acc\u00e8s au site doit \u00eatre pr\u00e9c\u00e9d\u00e9 de l\u2019acceptation de ces CGU. L\u2019acc\u00e8s \u00e0 cette plateforme signifie l\u2019acceptation des pr\u00e9sentes CGU.<\/p>\n\n\n\n<h2 class=\"wp-block-heading\" id=\"article-2-mentions-legales\">Article 2 : Mentions l\u00e9gales<\/h2>\n\n\n\n<p>L\u2019\u00e9dition du site www.khasely.com est publi\u00e9 et administr\u00e9 par la soci\u00e9t\u00e9 Khasely Witchcraft, dont le si\u00e8ge social est localis\u00e9 au 35 rue Marivaux, 63200 Riom.<\/p>\n\n\n\n<p>L\u2019h\u00e9bergeur du site www.khasely.com est la soci\u00e9t\u00e9 o2switch, sise au 222 Bd Gustave Flaubert, 63000 Clermont-Ferrand.<\/p>\n\n\n\n<h2 class=\"wp-block-heading\" id=\"article-3-propriete-intellectuelle\">Article 3 : Propri\u00e9t\u00e9 intellectuelle<\/h2>\n\n\n\n<p>La reproduction du contenu de ce site et blog, en tout ou en partie, est interdite sans ma permission. <\/p>\n\n\n\n<p>Tout ce que vous achetez sur www.khasely.com est exclusivement destin\u00e9 \u00e0 un usage personnel. Vous ne pouvez pas reproduire, copier, ou modifier les dessins, illustrations et designs sans mon autorisation \u00e9crite. Si vous souhaitez faire un usage commercial de mes cr\u00e9ations, veuillez me contacter avant tout achat via le formulaire de contact.<\/p>\n\n\n\n<p>Vous pouvez partager les images publi\u00e9es sur ce site sans permission de ma part sous deux conditions :<\/p>\n\n\n\n<ul class=\"wp-block-list\"><li>Toujours mentionner l\u2019adresse du site www.khasely.com ou le nom \u00ab\u00a0Khasely\u00a0\u00bb clairement, sous ou proche de la photo.<\/li><li>N\u2019\u00e9ditez pas les images sans mon consentement.<\/li><\/ul>\n\n\n\n<p>Vous pouvez \u00e9galement demander des images suppl\u00e9mentaires de mon travail en expliquant votre demande via le formulaire de contact.<\/p>\n\n\n\n<h2 class=\"wp-block-heading\" id=\"article-4-acces-au-site\">Article 4 : Acc\u00e8s au site<\/h2>\n\n\n\n<p>Le site permet d\u2019acc\u00e9der gratuitement \u00e0 la vente d&rsquo;illustrations originales et de reproductions, ainsi qu&rsquo;au formulaire de prise de rendez-vous pour le tatouage. Les marques, logos ainsi que les contenus du site www.khasely.com (illustrations graphiques, textes\u2026) sont prot\u00e9g\u00e9s par le Code de la propri\u00e9t\u00e9 intellectuelle et par le droit d\u2019auteur.<\/p>\n\n\n\n<p>Le site est accessible gratuitement depuis n\u2019importe o\u00f9 par tout utilisateurice disposant d\u2019un acc\u00e8s \u00e0 Internet. Tous les frais n\u00e9cessaires pour l\u2019acc\u00e8s aux services (mat\u00e9riel informatique, connexion Internet\u2026) sont \u00e0 la charge de l\u2019utilisateurice.<\/p>\n\n\n\n<p>L\u2019acc\u00e8s aux services d\u00e9di\u00e9s aux membres s\u2019effectue \u00e0 l\u2019aide d\u2019un identifiant et d\u2019un mot de passe.<\/p>\n\n\n\n<p>Pour des raisons de maintenance ou autres, l\u2019acc\u00e8s au site peut \u00eatre interrompu ou suspendu par l\u2019\u00e9diteur sans pr\u00e9avis ni justification.<\/p>\n\n\n\n<h2 class=\"wp-block-heading\" id=\"article-5-collecte-des-donnees\">Article 5 : Collecte des donn\u00e9es<\/h2>\n\n\n\n<p>Pour la cr\u00e9ation du compte de l\u2019Utilisateurice, la collecte des informations au moment de l\u2019inscription sur le site est n\u00e9cessaire et obligatoire. Conform\u00e9ment \u00e0 la loi n\u00b078-17 du 6 janvier 1978 relative \u00e0 l\u2019informatique, aux fichiers et aux libert\u00e9s mais \u00e9galement le R\u00e8glement G\u00e9n\u00e9ral de Protection des Donn\u00e9es du 25 mai 2018, la collecte et le traitement d\u2019informations personnelles s\u2019effectuent dans le respect de la vie priv\u00e9e.<\/p>\n\n\n\n<p>Suivant la loi Informatique et Libert\u00e9s en date du 6 janvier 1978, articles 39 et 40 mais \u00e9galement le R\u00e8glement G\u00e9n\u00e9ral de Protection des Donn\u00e9es du 25 mai 2018, l\u2019Utilisateurice dispose du droit d\u2019acc\u00e9der, de rectifier, de supprimer et d\u2019opposer ses donn\u00e9es personnelles. L\u2019exercice de ce droit s\u2019effectue par :<\/p>\n\n\n\n<ul class=\"wp-block-list\"><li>Le formulaire de contact<\/li><\/ul>\n\n\n\n<h2 class=\"wp-block-heading\" id=\"article-6-responsabilite\">Article 6 : Responsabilit\u00e9<\/h2>\n\n\n\n<p>Bien que les informations publi\u00e9es sur le site soient r\u00e9put\u00e9es fiables, le site se r\u00e9serve la facult\u00e9 d\u2019une non-garantie de la fiabilit\u00e9 des sources.<\/p>\n\n\n\n<p>Les informations diffus\u00e9es sur le site sont pr\u00e9sent\u00e9es \u00e0 titre purement informatif et sont sans valeur contractuelle. En d\u00e9pit des mises \u00e0 jour r\u00e9guli\u00e8res, la responsabilit\u00e9 du site ne peut \u00eatre engag\u00e9e en cas de modification des dispositions administratives et juridiques apparaissant apr\u00e8s la publication. Il en est de m\u00eame pour l\u2019utilisation et l\u2019interpr\u00e9tation des informations communiqu\u00e9es sur la plateforme.<\/p>\n\n\n\n<p>Le site d\u00e9cline toute responsabilit\u00e9 concernant les \u00e9ventuels virus pouvant infecter le mat\u00e9riel informatique de l\u2019Utilisateurice apr\u00e8s l\u2019utilisation ou l\u2019acc\u00e8s \u00e0 ce site.<\/p>\n\n\n\n<p>Le site ne peut \u00eatre tenu pour responsable en cas de force majeure ou du fait impr\u00e9visible et insurmontable d\u2019un tiers.<\/p>\n\n\n\n<p>La garantie totale de la s\u00e9curit\u00e9 et la confidentialit\u00e9 des donn\u00e9es n\u2019est pas assur\u00e9e par le site. Cependant, le site s\u2019engage \u00e0 mettre en \u0153uvre toutes les m\u00e9thodes requises pour le faire au mieux.<\/p>\n\n\n\n<h2 class=\"wp-block-heading\" id=\"article-7-liens-hypertextes\">Article 7 : Liens hypertextes<\/h2>\n\n\n\n<p>Le site peut \u00eatre constitu\u00e9 de liens hypertextes. En cliquant sur ces derniers, l\u2019Utilisateurice sortira de la plateforme. Cette derni\u00e8re n\u2019a pas de contr\u00f4le et ne peut pas \u00eatre tenue responsable du contenu des pages web relatives \u00e0 ces liens.<\/p>\n\n\n\n<h2 class=\"wp-block-heading\" id=\"article-8-cookies\">Article 8 : Cookies<\/h2>\n\n\n\n<p>Lors des visites sur le site, l\u2019installation automatique d\u2019un cookie sur le logiciel de navigation de l\u2019Utilisateurice peut survenir.<\/p>\n\n\n\n<p>Les cookies correspondent \u00e0 de petits fichiers d\u00e9pos\u00e9s temporairement sur le disque dur de l\u2019ordinateur de l\u2019Utilisateurice. Ces cookies sont n\u00e9cessaires pour assurer l\u2019accessibilit\u00e9 et la navigation sur le site. Ces fichiers ne comportent pas d\u2019informations personnelles et ne peuvent pas \u00eatre utilis\u00e9s pour l\u2019identification d\u2019une personne.<\/p>\n\n\n\n<p>L\u2019information pr\u00e9sente dans les cookies est utilis\u00e9e pour am\u00e9liorer les performances de navigation sur le site.<\/p>\n\n\n\n<p>En naviguant sur le site, l\u2019Utilisateur accepte les cookies. Leur d\u00e9sactivation peut s\u2019effectuer via les param\u00e8tres du logiciel de navigation.<\/p>\n\n\n\n<h2 class=\"wp-block-heading\" id=\"article-9-duree-du-contrat\">Article 9 : Dur\u00e9e du contrat<\/h2>\n\n\n\n<p>Le pr\u00e9sent contrat est valable pour une dur\u00e9e ind\u00e9termin\u00e9e. Le d\u00e9but de l\u2019utilisation des services du site marque l\u2019application du contrat \u00e0 l\u2019\u00e9gard de l\u2019Utilisateurice.<\/p>\n\n\n\n<h2 class=\"wp-block-heading\" id=\"article-10-droit-applicable-et-juridiction-competente\">Article 10 : Droit applicable et juridiction comp\u00e9tente<\/h2>\n\n\n\n<p>Le pr\u00e9sent contrat est soumis \u00e0 la l\u00e9gislation fran\u00e7aise. L\u2019absence de r\u00e9solution \u00e0 l\u2019amiable des cas de litige entre les parties implique le recours aux tribunaux fran\u00e7ais comp\u00e9tents pour r\u00e9gler le contentieux.<\/p>","protected":false},"excerpt":{"rendered":"<p>Derni\u00e8re mise \u00e0 jour le 31\/10\/2021 Article 1 : Objet Les pr\u00e9sentes CGU ou Conditions G\u00e9n\u00e9rales d\u2019Utilisation encadrent juridiquement l\u2019utilisation des services du site www.khasely.com (ci-apr\u00e8s d\u00e9nomm\u00e9 \u00ab le site \u00bb). Constituant le contrat entre la soci\u00e9t\u00e9 Khasely Witchcraft, l\u2019Utilisateurice, l\u2019acc\u00e8s au site doit \u00eatre pr\u00e9c\u00e9d\u00e9 de l\u2019acceptation de ces CGU. L\u2019acc\u00e8s \u00e0 cette plateforme [&hellip;]<\/p>","protected":false},"author":1,"featured_media":0,"parent":0,"menu_order":0,"comment_status":"closed","ping_status":"closed","template":"","meta":{"site-sidebar-layout":"default","site-content-layout":"default","ast-site-content-layout":"default","site-content-style":"default","site-sidebar-style":"default","ast-global-header-display":"","ast-banner-title-visibility":"","ast-main-header-display":"","ast-hfb-above-header-display":"","ast-hfb-below-header-display":"","ast-hfb-mobile-header-display":"","site-post-title":"","ast-breadcrumbs-content":"","ast-featured-img":"","footer-sml-layout":"","theme-transparent-header-meta":"default","adv-header-id-meta":"","stick-header-meta":"","header-above-stick-meta":"","header-main-stick-meta":"","header-below-stick-meta":"","astra-migrate-meta-layouts":"default","ast-page-background-enabled":"default","ast-page-background-meta":{"desktop":{"background-color":"var(--ast-global-color-4)","background-image":"","background-repeat":"repeat","background-position":"center center","background-size":"auto","background-attachment":"scroll","background-type":"","background-media":"","overlay-type":"","overlay-color":"","overlay-opacity":"","overlay-gradient":""},"tablet":{"background-color":"","background-image":"","background-repeat":"repeat","background-position":"center center","background-size":"auto","background-attachment":"scroll","background-type":"","background-media":"","overlay-type":"","overlay-color":"","overlay-opacity":"","overlay-gradient":""},"mobile":{"background-color":"","background-image":"","background-repeat":"repeat","background-position":"center center","background-size":"auto","background-attachment":"scroll","background-type":"","background-media":"","overlay-type":"","overlay-color":"","overlay-opacity":"","overlay-gradient":""}},"ast-content-background-meta":{"desktop":{"background-color":"var(--ast-global-color-5)","background-image":"","background-repeat":"repeat","background-position":"center center","background-size":"auto","background-attachment":"scroll","background-type":"","background-media":"","overlay-type":"","overlay-color":"","overlay-opacity":"","overlay-gradient":""},"tablet":{"background-color":"var(--ast-global-color-5)","background-image":"","background-repeat":"repeat","background-position":"center center","background-size":"auto","background-attachment":"scroll","background-type":"","background-media":"","overlay-type":"","overlay-color":"","overlay-opacity":"","overlay-gradient":""},"mobile":{"background-color":"var(--ast-global-color-5)","background-image":"","background-repeat":"repeat","background-position":"center center","background-size":"auto","background-attachment":"scroll","background-type":"","background-media":"","overlay-type":"","overlay-color":"","overlay-opacity":"","overlay-gradient":""}},"footnotes":""},"class_list":["post-103","page","type-page","status-publish","hentry"],"jetpack-related-posts":[{"id":111,"url":"https:\/\/www.khasely.com\/en\/conditions-generales-de-vente\/","url_meta":{"origin":103,"position":0},"title":"Conditions of Sell","author":"Khasely","date":"October 16, 2021","format":false,"excerpt":"Les pr\u00e9sentes conditions de vente sont conclues d\u2019une part par la soci\u00e9t\u00e9 Khasely Witchcraft. dont le si\u00e8ge social est situ\u00e9 au 35 rue Marivaux, 63200 Riom, immatricul\u00e9e et g\u00e9rant le site www.khasely.com et, d\u2019autre part, par toute personne physique ou morale souhaitant proc\u00e9der \u00e0 un achat via le site internet\u2026","rel":"","context":"Similar post","block_context":{"text":"Similar post","link":""},"img":{"alt_text":"","src":"","width":0,"height":0},"classes":[]},{"id":3,"url":"https:\/\/www.khasely.com\/en\/politique-de-confidentialite\/","url_meta":{"origin":103,"position":1},"title":"Privacy Notice","author":"Khasely","date":"October 15, 2021","format":false,"excerpt":"Derni\u00e8re mise \u00e0 jour le 31\/10\/2021 Avant la partie l\u00e9gale que je suis oblig\u00e9e de fournir, voici une premi\u00e8re partie concernant l'utilisation de vos donn\u00e9es. Vos donn\u00e9es ne m'int\u00e9ressent pas. Je ne compte pas vous envoyer de mails non sollicit\u00e9s. Lorsque vous me confiez vos informations, je ne m'en sers\u2026","rel":"","context":"Similar post","block_context":{"text":"Similar post","link":""},"img":{"alt_text":"","src":"","width":0,"height":0},"classes":[]},{"id":31,"url":"https:\/\/www.khasely.com\/en\/","url_meta":{"origin":103,"position":2},"title":"Home","author":"Khasely","date":"October 15, 2021","format":false,"excerpt":"Tatouage Prendre rendez-vous Portfolio tatouage & pr\u00e9sentation du studio Art & illustration Passer une commande d'illustration Portfolio d'illustration Je suis Khasely, tatoueuse et artiste lyonnaise et clermontoise un peu touche-\u00e0-tout. Entre tatouage, illustration et graphisme, l\u2019art est ce que j\u2019aime le plus. J\u2019aime transposer vos id\u00e9es et les miennes sur\u2026","rel":"","context":"Similar post","block_context":{"text":"Similar post","link":""},"img":{"alt_text":"Khasely - Illustration originale Reflection","src":"https:\/\/i0.wp.com\/www.khasely.com\/wp-content\/uploads\/2024\/11\/Reflection2.jpg?resize=350%2C200","width":350,"height":200,"srcset":"https:\/\/i0.wp.com\/www.khasely.com\/wp-content\/uploads\/2024\/11\/Reflection2.jpg?resize=350%2C200 1x, https:\/\/i0.wp.com\/www.khasely.com\/wp-content\/uploads\/2024\/11\/Reflection2.jpg?resize=525%2C300 1.5x, https:\/\/i0.wp.com\/www.khasely.com\/wp-content\/uploads\/2024\/11\/Reflection2.jpg?resize=700%2C400 2x"},"classes":[]},{"id":41,"url":"https:\/\/www.khasely.com\/en\/panier\/","url_meta":{"origin":103,"position":3},"title":"Cart","author":"Khasely","date":"October 15, 2021","format":false,"excerpt":"","rel":"","context":"Similar post","block_context":{"text":"Similar post","link":""},"img":{"alt_text":"","src":"","width":0,"height":0},"classes":[]},{"id":43,"url":"https:\/\/www.khasely.com\/en\/commander\/","url_meta":{"origin":103,"position":4},"title":"Validation de la commande","author":"Khasely","date":"October 15, 2021","format":false,"excerpt":"","rel":"","context":"Similar post","block_context":{"text":"Similar post","link":""},"img":{"alt_text":"","src":"","width":0,"height":0},"classes":[]},{"id":28,"url":"https:\/\/www.khasely.com\/en\/contact\/","url_meta":{"origin":103,"position":5},"title":"Contact","author":"Khasely","date":"October 15, 2021","format":false,"excerpt":"ATTENTION : Ce formulaire ne permet pas de demander des informations \u00e0 propos du tatouage, que ce soit pour les flashs ou les projets. Rendez-vous ICI pour pour le formulaire concernant le tatouage ! ATTENTION : Ce formulaire ne permet pas de demander des informations \u00e0 propos du tatouage, que\u2026","rel":"","context":"Similar post","block_context":{"text":"Similar post","link":""},"img":{"alt_text":"","src":"","width":0,"height":0},"classes":[]}],"jetpack_sharing_enabled":true,"_links":{"self":[{"href":"https:\/\/www.khasely.com\/en\/wp-json\/wp\/v2\/pages\/103","targetHints":{"allow":["GET"]}}],"collection":[{"href":"https:\/\/www.khasely.com\/en\/wp-json\/wp\/v2\/pages"}],"about":[{"href":"https:\/\/www.khasely.com\/en\/wp-json\/wp\/v2\/types\/page"}],"author":[{"embeddable":true,"href":"https:\/\/www.khasely.com\/en\/wp-json\/wp\/v2\/users\/1"}],"replies":[{"embeddable":true,"href":"https:\/\/www.khasely.com\/en\/wp-json\/wp\/v2\/comments?post=103"}],"version-history":[{"count":9,"href":"https:\/\/www.khasely.com\/en\/wp-json\/wp\/v2\/pages\/103\/revisions"}],"predecessor-version":[{"id":336,"href":"https:\/\/www.khasely.com\/en\/wp-json\/wp\/v2\/pages\/103\/revisions\/336"}],"wp:attachment":[{"href":"https:\/\/www.khasely.com\/en\/wp-json\/wp\/v2\/media?parent=103"}],"curies":[{"name":"wp","href":"https:\/\/api.w.org\/{rel}","templated":true}]}}