{"id":271,"date":"2021-12-31T09:50:11","date_gmt":"2021-12-31T09:50:11","guid":{"rendered":"https:\/\/www.khasely.com\/?page_id=271"},"modified":"2023-04-07T09:57:19","modified_gmt":"2023-04-07T09:57:19","slug":"a-propos","status":"publish","type":"page","link":"https:\/\/www.khasely.com\/en\/a-propos\/","title":{"rendered":"About"},"content":{"rendered":"<figure class=\"wp-block-image aligncenter size-full is-resized\"><img data-recalc-dims=\"1\" loading=\"lazy\" decoding=\"async\" src=\"https:\/\/i0.wp.com\/www.khasely.com\/wp-content\/uploads\/2023\/04\/Les-Fleurs-du-Mal-Portrait-officiel-Khasely.png?resize=468%2C468&#038;ssl=1\" alt=\"\" class=\"wp-image-664\" width=\"468\" height=\"468\" srcset=\"https:\/\/i0.wp.com\/www.khasely.com\/wp-content\/uploads\/2023\/04\/Les-Fleurs-du-Mal-Portrait-officiel-Khasely.png?w=624&amp;ssl=1 624w, https:\/\/i0.wp.com\/www.khasely.com\/wp-content\/uploads\/2023\/04\/Les-Fleurs-du-Mal-Portrait-officiel-Khasely.png?resize=300%2C300&amp;ssl=1 300w, https:\/\/i0.wp.com\/www.khasely.com\/wp-content\/uploads\/2023\/04\/Les-Fleurs-du-Mal-Portrait-officiel-Khasely.png?resize=150%2C150&amp;ssl=1 150w, https:\/\/i0.wp.com\/www.khasely.com\/wp-content\/uploads\/2023\/04\/Les-Fleurs-du-Mal-Portrait-officiel-Khasely.png?resize=12%2C12&amp;ssl=1 12w, https:\/\/i0.wp.com\/www.khasely.com\/wp-content\/uploads\/2023\/04\/Les-Fleurs-du-Mal-Portrait-officiel-Khasely.png?resize=600%2C600&amp;ssl=1 600w, https:\/\/i0.wp.com\/www.khasely.com\/wp-content\/uploads\/2023\/04\/Les-Fleurs-du-Mal-Portrait-officiel-Khasely.png?resize=100%2C100&amp;ssl=1 100w\" sizes=\"auto, (max-width: 468px) 100vw, 468px\" \/><\/figure>\n\n\n\n<div style=\"height:25px\" aria-hidden=\"true\" class=\"wp-block-spacer\"><\/div>\n\n\n\n<hr class=\"wp-block-separator has-alpha-channel-opacity is-style-wide\"\/>\n\n\n\n<div style=\"height:25px\" aria-hidden=\"true\" class=\"wp-block-spacer\"><\/div>\n\n\n\n<p class=\"has-text-align-center has-white-color has-text-color\" style=\"font-size:17px\">I'm Khasely, tattooist and artist from Lyon and Clermont-Ferrand.<\/p>\n\n\n\n<p class=\"has-text-align-center has-white-color has-text-color\" style=\"font-size:17px\">Between tattoo, illustration and graphism, art is the thing I like the most. I love taking all the ideas on my mind to throw them on paper, canvas or digital support. Activist, I take all my tools to help change the world as I can, even if my work is much more wild.<\/p>\n\n\n\n<p class=\"has-text-align-center has-white-color has-text-color has-link-color wp-elements-1210c5bd59e6c22e77330dc0e957fe38\" style=\"font-size:17px\">Explore this website and contact me if you have questions, if you want an appointment or a commission. You can find me on <a href=\"https:\/\/www.instagram.com\/khasely_\/\">Instagram<\/a> and on <a href=\"https:\/\/www.twitch.tv\/khasely\">Twitch<\/a>.<\/p>\n\n\n\n<div style=\"height:25px\" aria-hidden=\"true\" class=\"wp-block-spacer\"><\/div>\n\n\n\n<hr class=\"wp-block-separator has-alpha-channel-opacity is-style-wide\"\/>\n\n\n\n<div style=\"height:25px\" aria-hidden=\"true\" class=\"wp-block-spacer\"><\/div>\n\n\n\n<div class=\"wp-block-columns is-layout-flex wp-container-core-columns-is-layout-28f84493 wp-block-columns-is-layout-flex\">\n<div class=\"wp-block-column is-layout-flow wp-block-column-is-layout-flow\" style=\"flex-basis:66.66%\">\n<h3 class=\"wp-block-heading has-text-align-center\">Tattoo<\/h3>\n\n\n\n<p class=\"has-text-align-center has-white-color has-text-color\" style=\"font-size:17px\">I started tattoing in 2018. Now, I'm specializing myself into grunge sketch tattoo, with a bit of trash polka, an also into pixel art and watercolor tattoo.<\/p>\n\n\n\n<p class=\"has-text-align-center has-white-color has-text-color\" style=\"font-size:17px\">However, my curiosity pushes me to explore different graphic universes. Symbolism, pop culture and activism are my inspirations.<\/p>\n\n\n\n<p class=\"has-text-align-center has-white-color has-text-color\" style=\"font-size:17px\">Kindness and inclusiveness are important values to me and I want to offer you a safe place for a few hours. Inking your dreams, passions and convictions is a privilege that I value a lot.<\/p>\n\n\n\n<p class=\"has-text-align-center has-white-color has-text-color has-link-color wp-elements-c3bbf2e407009e7fb7ebe22d8747f954\" style=\"font-size:17px\"><a href=\"https:\/\/www.khasely.com\/en\/tatouage\/\">Tattoo portfolio<\/a><\/p>\n\n\n\n<p class=\"has-text-align-center has-white-color has-text-color has-link-color wp-elements-941aff980a16e4dd6e0fd1092e9b8f68\" style=\"font-size:17px\"><a href=\"https:\/\/www.khasely.com\/en\/prise-de-rendez-vous\/\">Make an appointment<\/a><\/p>\n<\/div>\n\n\n\n<div class=\"wp-block-column is-layout-flow wp-block-column-is-layout-flow\" style=\"flex-basis:33.33%\">\n<figure class=\"wp-block-image aligncenter size-full is-resized\"><img data-recalc-dims=\"1\" loading=\"lazy\" decoding=\"async\" src=\"https:\/\/i0.wp.com\/www.khasely.com\/wp-content\/uploads\/2023\/04\/Khasely-realisation-de-tatouage-pendant-la-convention-de-tatouage-2022-de-Clermont-Ferrand.jpg?resize=244%2C284&#038;ssl=1\" alt=\"Khasely - r\u00e9alisation de tatouage pendant la convention de tatouage 2022 de Clermont-Ferrand\" class=\"wp-image-667\" width=\"244\" height=\"284\" srcset=\"https:\/\/i0.wp.com\/www.khasely.com\/wp-content\/uploads\/2023\/04\/Khasely-realisation-de-tatouage-pendant-la-convention-de-tatouage-2022-de-Clermont-Ferrand.jpg?w=647&amp;ssl=1 647w, https:\/\/i0.wp.com\/www.khasely.com\/wp-content\/uploads\/2023\/04\/Khasely-realisation-de-tatouage-pendant-la-convention-de-tatouage-2022-de-Clermont-Ferrand.jpg?resize=258%2C300&amp;ssl=1 258w, https:\/\/i0.wp.com\/www.khasely.com\/wp-content\/uploads\/2023\/04\/Khasely-realisation-de-tatouage-pendant-la-convention-de-tatouage-2022-de-Clermont-Ferrand.jpg?resize=10%2C12&amp;ssl=1 10w, https:\/\/i0.wp.com\/www.khasely.com\/wp-content\/uploads\/2023\/04\/Khasely-realisation-de-tatouage-pendant-la-convention-de-tatouage-2022-de-Clermont-Ferrand.jpg?resize=600%2C698&amp;ssl=1 600w\" sizes=\"auto, (max-width: 244px) 100vw, 244px\" \/><\/figure>\n<\/div>\n<\/div>\n\n\n\n<div style=\"height:25px\" aria-hidden=\"true\" class=\"wp-block-spacer\"><\/div>\n\n\n\n<hr class=\"wp-block-separator has-alpha-channel-opacity is-style-wide\"\/>\n\n\n\n<div style=\"height:25px\" aria-hidden=\"true\" class=\"wp-block-spacer\"><\/div>\n\n\n\n<div class=\"wp-block-columns is-layout-flex wp-container-core-columns-is-layout-28f84493 wp-block-columns-is-layout-flex\">\n<div class=\"wp-block-column is-layout-flow wp-block-column-is-layout-flow\" style=\"flex-basis:33.33%\">\n<figure class=\"wp-block-image aligncenter size-large is-resized\"><img data-recalc-dims=\"1\" loading=\"lazy\" decoding=\"async\" src=\"https:\/\/i0.wp.com\/www.khasely.com\/wp-content\/uploads\/2023\/04\/Khasely-photo-de-travail-2.jpg?resize=225%2C337&#038;ssl=1\" alt=\"Khasely, photo de travail - 2\" class=\"wp-image-642\" width=\"225\" height=\"337\" srcset=\"https:\/\/i0.wp.com\/www.khasely.com\/wp-content\/uploads\/2023\/04\/Khasely-photo-de-travail-2.jpg?resize=683%2C1024&amp;ssl=1 683w, https:\/\/i0.wp.com\/www.khasely.com\/wp-content\/uploads\/2023\/04\/Khasely-photo-de-travail-2.jpg?resize=200%2C300&amp;ssl=1 200w, https:\/\/i0.wp.com\/www.khasely.com\/wp-content\/uploads\/2023\/04\/Khasely-photo-de-travail-2.jpg?resize=768%2C1152&amp;ssl=1 768w, https:\/\/i0.wp.com\/www.khasely.com\/wp-content\/uploads\/2023\/04\/Khasely-photo-de-travail-2.jpg?resize=8%2C12&amp;ssl=1 8w, https:\/\/i0.wp.com\/www.khasely.com\/wp-content\/uploads\/2023\/04\/Khasely-photo-de-travail-2.jpg?resize=600%2C900&amp;ssl=1 600w, https:\/\/i0.wp.com\/www.khasely.com\/wp-content\/uploads\/2023\/04\/Khasely-photo-de-travail-2.jpg?w=905&amp;ssl=1 905w\" sizes=\"auto, (max-width: 225px) 100vw, 225px\" \/><\/figure>\n<\/div>\n\n\n\n<div class=\"wp-block-column is-layout-flow wp-block-column-is-layout-flow\" style=\"flex-basis:66.66%\">\n<h3 class=\"wp-block-heading has-text-align-center\">Art &amp; illustration<\/h3>\n\n\n\n<p class=\"has-text-align-center has-white-color has-text-color\" style=\"font-size:17px\">Artist, I offer both original works (a single copy, traditional) or prints (printed reproductions of one of my works, digital or traditional), around different themes. Some of theses themes are activists, some are intriguing for me.<\/p>\n\n\n\n<p class=\"has-text-align-center has-white-color has-text-color\" style=\"font-size:17px\">You can find these artworks on the <a rel=\"noreferrer noopener\" href=\"https:\/\/www.khasely.com\/en\/boutique\/\" target=\"_blank\">shop<\/a>, but also at <a href=\"https:\/\/www.khasely.com\/en\/tatouage\/\">Les Fleurs du Mal tattoo studio<\/a>In Riom, near Clermont-Ferrand, France.<\/p>\n\n\n\n<p class=\"has-text-align-center has-white-color has-text-color has-link-color wp-elements-9776b4d286a8551dfebc143305da7345\" style=\"font-size:17px\"><a href=\"https:\/\/www.khasely.com\/en\/art\/\">Order a commission<\/a><\/p>\n\n\n\n<p class=\"has-text-align-center has-white-color has-text-color has-link-color wp-elements-c0cb9370ea6cef5c9853fbaf94df9687\" style=\"font-size:17px\"><a href=\"https:\/\/www.khasely.com\/en\/art\/\">Illustration portfolio<\/a><\/p>\n<\/div>\n<\/div>\n\n\n\n<div style=\"height:25px\" aria-hidden=\"true\" class=\"wp-block-spacer\"><\/div>\n\n\n\n<hr class=\"wp-block-separator has-alpha-channel-opacity is-style-wide\"\/>\n\n\n\n<div style=\"height:25px\" aria-hidden=\"true\" class=\"wp-block-spacer\"><\/div>\n\n\n\n<div style=\"height:25px\" aria-hidden=\"true\" class=\"wp-block-spacer\"><\/div>","protected":false},"excerpt":{"rendered":"<p>Je suis Khasely, tatoueuse et artiste lyonnaise et clermontoise un peu touche-\u00e0-tout. Entre tatouage, illustration et graphisme, l\u2019art est ce que j\u2019aime le plus. J\u2019aime transposer les id\u00e9es qui peuplent mon esprit sur papier, sur toile ou en num\u00e9rique. Militante, je prends souvent mes outils, que ce soit des aiguilles, des pinceaux, ou un stylet, [&hellip;]<\/p>","protected":false},"author":1,"featured_media":0,"parent":0,"menu_order":0,"comment_status":"closed","ping_status":"closed","template":"","meta":{"site-sidebar-layout":"default","site-content-layout":"","ast-site-content-layout":"default","site-content-style":"default","site-sidebar-style":"default","ast-global-header-display":"","ast-banner-title-visibility":"","ast-main-header-display":"","ast-hfb-above-header-display":"","ast-hfb-below-header-display":"","ast-hfb-mobile-header-display":"","site-post-title":"","ast-breadcrumbs-content":"","ast-featured-img":"","footer-sml-layout":"","theme-transparent-header-meta":"","adv-header-id-meta":"","stick-header-meta":"","header-above-stick-meta":"","header-main-stick-meta":"","header-below-stick-meta":"","astra-migrate-meta-layouts":"default","ast-page-background-enabled":"default","ast-page-background-meta":{"desktop":{"background-color":"var(--ast-global-color-4)","background-image":"","background-repeat":"repeat","background-position":"center center","background-size":"auto","background-attachment":"scroll","background-type":"","background-media":"","overlay-type":"","overlay-color":"","overlay-opacity":"","overlay-gradient":""},"tablet":{"background-color":"","background-image":"","background-repeat":"repeat","background-position":"center center","background-size":"auto","background-attachment":"scroll","background-type":"","background-media":"","overlay-type":"","overlay-color":"","overlay-opacity":"","overlay-gradient":""},"mobile":{"background-color":"","background-image":"","background-repeat":"repeat","background-position":"center center","background-size":"auto","background-attachment":"scroll","background-type":"","background-media":"","overlay-type":"","overlay-color":"","overlay-opacity":"","overlay-gradient":""}},"ast-content-background-meta":{"desktop":{"background-color":"var(--ast-global-color-5)","background-image":"","background-repeat":"repeat","background-position":"center center","background-size":"auto","background-attachment":"scroll","background-type":"","background-media":"","overlay-type":"","overlay-color":"","overlay-opacity":"","overlay-gradient":""},"tablet":{"background-color":"var(--ast-global-color-5)","background-image":"","background-repeat":"repeat","background-position":"center center","background-size":"auto","background-attachment":"scroll","background-type":"","background-media":"","overlay-type":"","overlay-color":"","overlay-opacity":"","overlay-gradient":""},"mobile":{"background-color":"var(--ast-global-color-5)","background-image":"","background-repeat":"repeat","background-position":"center center","background-size":"auto","background-attachment":"scroll","background-type":"","background-media":"","overlay-type":"","overlay-color":"","overlay-opacity":"","overlay-gradient":""}},"footnotes":""},"class_list":["post-271","page","type-page","status-publish","hentry"],"jetpack-related-posts":[{"id":31,"url":"https:\/\/www.khasely.com\/en\/","url_meta":{"origin":271,"position":0},"title":"Home","author":"Khasely","date":"October 15, 2021","format":false,"excerpt":"Tatouage Prendre rendez-vous Portfolio tatouage & pr\u00e9sentation du studio Art & illustration Passer une commande d'illustration Portfolio d'illustration Je suis Khasely, tatoueuse et artiste lyonnaise et clermontoise un peu touche-\u00e0-tout. Entre tatouage, illustration et graphisme, l\u2019art est ce que j\u2019aime le plus. J\u2019aime transposer vos id\u00e9es et les miennes sur\u2026","rel":"","context":"Similar post","block_context":{"text":"Similar post","link":""},"img":{"alt_text":"Khasely - Illustration originale Reflection","src":"https:\/\/i0.wp.com\/www.khasely.com\/wp-content\/uploads\/2024\/11\/Reflection2.jpg?resize=350%2C200","width":350,"height":200,"srcset":"https:\/\/i0.wp.com\/www.khasely.com\/wp-content\/uploads\/2024\/11\/Reflection2.jpg?resize=350%2C200 1x, https:\/\/i0.wp.com\/www.khasely.com\/wp-content\/uploads\/2024\/11\/Reflection2.jpg?resize=525%2C300 1.5x, https:\/\/i0.wp.com\/www.khasely.com\/wp-content\/uploads\/2024\/11\/Reflection2.jpg?resize=700%2C400 2x"},"classes":[]},{"id":263,"url":"https:\/\/www.khasely.com\/en\/prise-de-rendez-vous\/","url_meta":{"origin":271,"position":1},"title":"Tattoo Appointment","author":"Khasely","date":"December 31, 2021","format":false,"excerpt":"Comment demander un rendez-vous ? Pour commencer, remplissez le formulaire en bas de cette page. Apr\u00e8s r\u00e9ception de votre demande, vous recevrez une r\u00e9ponse sous 5 jours pour les projets, et 2 jours pour les flashs, hors vacances. Nous verrons ensemble la faisabilit\u00e9 de votre demande, l'estimation d'un prix et\u2026","rel":"","context":"Similar post","block_context":{"text":"Similar post","link":""},"img":{"alt_text":"old book with old map","src":"https:\/\/i0.wp.com\/www.khasely.com\/wp-content\/uploads\/2021\/12\/vintage-1602605_1920-1.jpg?resize=350%2C200&ssl=1","width":350,"height":200,"srcset":"https:\/\/i0.wp.com\/www.khasely.com\/wp-content\/uploads\/2021\/12\/vintage-1602605_1920-1.jpg?resize=350%2C200&ssl=1 1x, https:\/\/i0.wp.com\/www.khasely.com\/wp-content\/uploads\/2021\/12\/vintage-1602605_1920-1.jpg?resize=525%2C300&ssl=1 1.5x, https:\/\/i0.wp.com\/www.khasely.com\/wp-content\/uploads\/2021\/12\/vintage-1602605_1920-1.jpg?resize=700%2C400&ssl=1 2x, https:\/\/i0.wp.com\/www.khasely.com\/wp-content\/uploads\/2021\/12\/vintage-1602605_1920-1.jpg?resize=1050%2C600&ssl=1 3x, https:\/\/i0.wp.com\/www.khasely.com\/wp-content\/uploads\/2021\/12\/vintage-1602605_1920-1.jpg?resize=1400%2C800&ssl=1 4x"},"classes":[]},{"id":290,"url":"https:\/\/www.khasely.com\/en\/art\/","url_meta":{"origin":271,"position":2},"title":"Art &#038; Illustration","author":"Khasely","date":"December 31, 2021","format":false,"excerpt":"Quelques \u0153uvres : Demande de projet artistique :","rel":"","context":"Similar post","block_context":{"text":"Similar post","link":""},"img":{"alt_text":"Khasely - Illustration originale Light in Darkness","src":"https:\/\/i0.wp.com\/www.khasely.com\/wp-content\/uploads\/2024\/11\/Light-in-Darkness-1.jpg?resize=350%2C200","width":350,"height":200,"srcset":"https:\/\/i0.wp.com\/www.khasely.com\/wp-content\/uploads\/2024\/11\/Light-in-Darkness-1.jpg?resize=350%2C200 1x, https:\/\/i0.wp.com\/www.khasely.com\/wp-content\/uploads\/2024\/11\/Light-in-Darkness-1.jpg?resize=525%2C300 1.5x, https:\/\/i0.wp.com\/www.khasely.com\/wp-content\/uploads\/2024\/11\/Light-in-Darkness-1.jpg?resize=700%2C400 2x"},"classes":[]},{"id":111,"url":"https:\/\/www.khasely.com\/en\/conditions-generales-de-vente\/","url_meta":{"origin":271,"position":3},"title":"Conditions of Sell","author":"Khasely","date":"October 16, 2021","format":false,"excerpt":"Les pr\u00e9sentes conditions de vente sont conclues d\u2019une part par la soci\u00e9t\u00e9 Khasely Witchcraft. dont le si\u00e8ge social est situ\u00e9 au 35 rue Marivaux, 63200 Riom, immatricul\u00e9e et g\u00e9rant le site www.khasely.com et, d\u2019autre part, par toute personne physique ou morale souhaitant proc\u00e9der \u00e0 un achat via le site internet\u2026","rel":"","context":"Similar post","block_context":{"text":"Similar post","link":""},"img":{"alt_text":"","src":"","width":0,"height":0},"classes":[]},{"id":28,"url":"https:\/\/www.khasely.com\/en\/contact\/","url_meta":{"origin":271,"position":4},"title":"Contact","author":"Khasely","date":"October 15, 2021","format":false,"excerpt":"ATTENTION : Ce formulaire ne permet pas de demander des informations \u00e0 propos du tatouage, que ce soit pour les flashs ou les projets. Rendez-vous ICI pour pour le formulaire concernant le tatouage ! ATTENTION : Ce formulaire ne permet pas de demander des informations \u00e0 propos du tatouage, que\u2026","rel":"","context":"Similar post","block_context":{"text":"Similar post","link":""},"img":{"alt_text":"","src":"","width":0,"height":0},"classes":[]},{"id":261,"url":"https:\/\/www.khasely.com\/en\/tatouage\/","url_meta":{"origin":271,"position":5},"title":"Tattoo","author":"Khasely","date":"December 31, 2021","format":false,"excerpt":"Le studios de tatouage Le studio des Fleurs du Mal35 rue Marivaux63200 Riom A 20 minutes en voiture de Clermont-Ferrand.Stationnement payant : Autour du shop dans les petites rues adjacentes.Parking gratuit : Pr\u00e9 Madame. A 10 min \u00e0 pied de la gare de Riom : itin\u00e9raire depuis la gare. Il\u2026","rel":"","context":"Similar post","block_context":{"text":"Similar post","link":""},"img":{"alt_text":"Khasely, photo de travail - 2","src":"https:\/\/i0.wp.com\/www.khasely.com\/wp-content\/uploads\/2023\/04\/Khasely-photo-de-travail-2.jpg?resize=350%2C200","width":350,"height":200,"srcset":"https:\/\/i0.wp.com\/www.khasely.com\/wp-content\/uploads\/2023\/04\/Khasely-photo-de-travail-2.jpg?resize=350%2C200 1x, https:\/\/i0.wp.com\/www.khasely.com\/wp-content\/uploads\/2023\/04\/Khasely-photo-de-travail-2.jpg?resize=525%2C300 1.5x, https:\/\/i0.wp.com\/www.khasely.com\/wp-content\/uploads\/2023\/04\/Khasely-photo-de-travail-2.jpg?resize=700%2C400 2x"},"classes":[]}],"jetpack_sharing_enabled":true,"_links":{"self":[{"href":"https:\/\/www.khasely.com\/en\/wp-json\/wp\/v2\/pages\/271","targetHints":{"allow":["GET"]}}],"collection":[{"href":"https:\/\/www.khasely.com\/en\/wp-json\/wp\/v2\/pages"}],"about":[{"href":"https:\/\/www.khasely.com\/en\/wp-json\/wp\/v2\/types\/page"}],"author":[{"embeddable":true,"href":"https:\/\/www.khasely.com\/en\/wp-json\/wp\/v2\/users\/1"}],"replies":[{"embeddable":true,"href":"https:\/\/www.khasely.com\/en\/wp-json\/wp\/v2\/comments?post=271"}],"version-history":[{"count":36,"href":"https:\/\/www.khasely.com\/en\/wp-json\/wp\/v2\/pages\/271\/revisions"}],"predecessor-version":[{"id":721,"href":"https:\/\/www.khasely.com\/en\/wp-json\/wp\/v2\/pages\/271\/revisions\/721"}],"wp:attachment":[{"href":"https:\/\/www.khasely.com\/en\/wp-json\/wp\/v2\/media?parent=271"}],"curies":[{"name":"wp","href":"https:\/\/api.w.org\/{rel}","templated":true}]}}