{"id":3,"date":"2021-10-15T21:43:13","date_gmt":"2021-10-15T21:43:13","guid":{"rendered":"https:\/\/www.yiyw9344.odns.fr\/?page_id=3"},"modified":"2022-01-27T19:01:06","modified_gmt":"2022-01-27T19:01:06","slug":"politique-de-confidentialite","status":"publish","type":"page","link":"https:\/\/www.khasely.com\/en\/politique-de-confidentialite\/","title":{"rendered":"Privacy Notice"},"content":{"rendered":"<p>Translation is coming, sorry it's long.<\/p>\n\n\n\n<p>Before the legal part that I am obliged to provide, here is a first part concerning the use of your data. Your data does not interest me. I do not intend to send you unsolicited emails. When you entrust me with your information, I only use it myself for the purpose you have chosen: if you want to make an appointment for a tattoo, certain information is necessary and if you order on the shop, it is still more practical that I know your address to prepare the shipment and send your order. Thus, the sending services (such as the Post Office) have knowledge of your information, to ensure delivery. I do not want to sell or give your data to anyone.<\/p>\n\n\n\n<h2 class=\"wp-block-heading\" id=\"1-collecte-de-l-information\">1. Collection of information<\/h2>\n\n\n\n<p>Ce site recueille des informations lorsque vous vous inscrivez, lorsque vous vous connectez \u00e0 votre compte, faites un achat, remplissez les formulaires de contact et de prises de rendez-vous et lorsque vous vous d\u00e9connectez.  Les informations recueillies dans le questionnaire sont enregistr\u00e9es dans un fichier informatis\u00e9 par Khasely. La base l\u00e9gale du traitement est celle de la CNIL. Les donn\u00e9es marqu\u00e9es par un ast\u00e9risque dans les formulaires doivent obligatoirement \u00eatre fournies. Dans le cas contraire, votre demande ne pourra \u00eatre trait\u00e9e.<\/p>\n\n\n\n<p>Les donn\u00e9es collect\u00e9es seront communiqu\u00e9es aux seuls destinataires suivants : Khasely. Elles sont conserv\u00e9es pendant un an au maximum.<\/p>\n\n\n\n<p>Vous pouvez acc\u00e9der aux donn\u00e9es vous concernant, les rectifier, demander leur effacement ou exercer votre droit \u00e0 la limitation du traitement de vos donn\u00e9es par mail via le formulaire de contact. Consultez le site cnil.fr pour plus d\u2019informations sur vos droits. Pour exercer ces droits ou pour toute question sur le traitement de vos donn\u00e9es dans ce dispositif, vous pouvez utiliser le formulaire de contact. Si vous estimez, apr\u00e8s m&rsquo;avoir contact\u00e9e, que vos droits \u00ab Informatique et Libert\u00e9s \u00bb ne sont pas respect\u00e9s, vous pouvez adresser une r\u00e9clamation \u00e0 la CNIL.<\/p>\n\n\n\n<p>En outre, je re\u00e7ois et enregistre automatiquement des informations \u00e0 partir de votre ordinateur et navigateur, y compris votre adresse IP, vos logiciels et votre mat\u00e9riel, et la page que vous demandez.<\/p>\n\n\n\n<p>Cependant, bien qu&rsquo;en dehors des commandes et formulaires, je n&rsquo;utilise pas vos informations et qu&rsquo;elles restent priv\u00e9es de mon c\u00f4t\u00e9, j&rsquo;utilise la plateforme WordPress et le plugin WooCommerce, et des tiers (comme Paypal) pour les solutions de paiements. Vos donn\u00e9es peuvent \u00eatres ou sont partag\u00e9es avec ces tiers.<\/p>\n\n\n\n<h2 class=\"wp-block-heading\" id=\"2-utilisation-des-informations\">2. Utilisation des informations<\/h2>\n\n\n\n<p>Toutes les informations que nous recueillons aupr\u00e8s de vous peuvent \u00eatre utilis\u00e9es pour :<\/p>\n\n\n\n<ul class=\"wp-block-list\"><li>Vous contacter par e-mail apr\u00e8s avoir rempli le formulaire de contact ou de prise de rendez-vous<\/li><li>Vous envoyer votre commande ou vous contacter \u00e0 ce propos<\/li><\/ul>\n\n\n\n<p>Ainsi, il n&rsquo;y aura pas dans votre bo\u00eete mail de newsletter ou de mail de marketing. Cela ne m&rsquo;int\u00e9resse pas.<\/p>\n\n\n\n<p>Vous avez un droit d&rsquo;acc\u00e8s et de modification sur les informations communiqu\u00e9es. Pour exercer ce droit, vous pouvez utiliser le formulaire de contact.<\/p>\n\n\n\n<h2 class=\"wp-block-heading\" id=\"3-confidentialite-du-commerce-en-ligne\">3. Confidentialit\u00e9 du commerce en ligne<\/h2>\n\n\n\n<p>Je suis la seule propri\u00e9taire des informations recueillies sur ce site. Vos informations personnelles ne seront pas vendues, \u00e9chang\u00e9es, transf\u00e9r\u00e9es, ou donn\u00e9es \u00e0 une autre soci\u00e9t\u00e9 pour n\u2019importe quelle raison, sans votre consentement, en dehors de ce qui est n\u00e9cessaire pour r\u00e9pondre \u00e0 une demande et \/ ou une transaction, comme par exemple pour exp\u00e9dier une commande.<\/p>\n\n\n\n<h2 class=\"wp-block-heading\" id=\"4-divulgation-a-des-tiers\">4. Divulgation \u00e0 des tiers<\/h2>\n\n\n\n<p>Je ne vends, n\u2019\u00e9change et ne transf\u00e8re pas vos informations personnelles identifiables \u00e0 des tiers. Cela ne comprend pas les tierces parties de confiance (cit\u00e9es plus haut) qui m&rsquo;aident \u00e0 exploiter ce site Web ou \u00e0 administrer les commandes (comme la Poste), tant que ces parties conviennent de garder ces informations confidentielles.<\/p>\n\n\n\n<p>Il est cependant n\u00e9cessaire de partager des informations afin d\u2019enqu\u00eater, de pr\u00e9venir ou de prendre des mesures concernant des activit\u00e9s ill\u00e9gales, fraudes pr\u00e9sum\u00e9es, situations impliquant des menaces potentielles \u00e0 la s\u00e9curit\u00e9 physique de toute personne, violations des conditions d\u2019utilisation, ou quand la loi m&rsquo;y contraint.<\/p>\n\n\n\n<h2 class=\"wp-block-heading\" id=\"5-protection-des-informations\">5. Protection des informations<\/h2>\n\n\n\n<p>Je suis la seule \u00e0 avoir acc\u00e8s \u00e0 vos informations personnelles et identifiables, et ce afin de g\u00e9rer vos commandes. Les ordinateurs et serveurs utilis\u00e9s pour stocker des informations personnelles identifiables sont conserv\u00e9s dans un environnement s\u00e9curis\u00e9.<\/p>\n\n\n\n<h2 class=\"wp-block-heading\" id=\"6-utilisation-des-cookies\">6. Utilisation des cookies<\/h2>\n\n\n\n<p>Les cookies am\u00e9liorent l\u2019acc\u00e8s \u00e0 notre site et identifient les visiteurs r\u00e9guliers. En outre, les cookies am\u00e9liorent l\u2019exp\u00e9rience d\u2019utilisateur gr\u00e2ce au suivi et au ciblage des int\u00e9r\u00eats. Cependant, cette utilisation des cookies n\u2019est en aucune fa\u00e7on li\u00e9e \u00e0 des informations personnelles identifiables sur notre site.<\/p>\n\n\n\n<h2 class=\"wp-block-heading\" id=\"7-consentement\">7. Consentement<\/h2>\n\n\n\n<p><strong class=\"privacy-policy-tutorial\">En utilisant ce site, vous consentez \u00e0 notre politique de confidentialit\u00e9.<\/strong><\/p>","protected":false},"excerpt":{"rendered":"<p>Derni\u00e8re mise \u00e0 jour le 31\/10\/2021 Avant la partie l\u00e9gale que je suis oblig\u00e9e de fournir, voici une premi\u00e8re partie concernant l&rsquo;utilisation de vos donn\u00e9es. Vos donn\u00e9es ne m&rsquo;int\u00e9ressent pas. Je ne compte pas vous envoyer de mails non sollicit\u00e9s. Lorsque vous me confiez vos informations, je ne m&rsquo;en sers moi-m\u00eame que pour le but [&hellip;]<\/p>","protected":false},"author":1,"featured_media":0,"parent":0,"menu_order":0,"comment_status":"closed","ping_status":"open","template":"","meta":{"site-sidebar-layout":"default","site-content-layout":"default","ast-site-content-layout":"default","site-content-style":"default","site-sidebar-style":"default","ast-global-header-display":"","ast-banner-title-visibility":"","ast-main-header-display":"","ast-hfb-above-header-display":"","ast-hfb-below-header-display":"","ast-hfb-mobile-header-display":"","site-post-title":"","ast-breadcrumbs-content":"","ast-featured-img":"","footer-sml-layout":"","theme-transparent-header-meta":"default","adv-header-id-meta":"","stick-header-meta":"","header-above-stick-meta":"","header-main-stick-meta":"","header-below-stick-meta":"","astra-migrate-meta-layouts":"default","ast-page-background-enabled":"default","ast-page-background-meta":{"desktop":{"background-color":"var(--ast-global-color-4)","background-image":"","background-repeat":"repeat","background-position":"center center","background-size":"auto","background-attachment":"scroll","background-type":"","background-media":"","overlay-type":"","overlay-color":"","overlay-opacity":"","overlay-gradient":""},"tablet":{"background-color":"","background-image":"","background-repeat":"repeat","background-position":"center center","background-size":"auto","background-attachment":"scroll","background-type":"","background-media":"","overlay-type":"","overlay-color":"","overlay-opacity":"","overlay-gradient":""},"mobile":{"background-color":"","background-image":"","background-repeat":"repeat","background-position":"center center","background-size":"auto","background-attachment":"scroll","background-type":"","background-media":"","overlay-type":"","overlay-color":"","overlay-opacity":"","overlay-gradient":""}},"ast-content-background-meta":{"desktop":{"background-color":"var(--ast-global-color-5)","background-image":"","background-repeat":"repeat","background-position":"center center","background-size":"auto","background-attachment":"scroll","background-type":"","background-media":"","overlay-type":"","overlay-color":"","overlay-opacity":"","overlay-gradient":""},"tablet":{"background-color":"var(--ast-global-color-5)","background-image":"","background-repeat":"repeat","background-position":"center center","background-size":"auto","background-attachment":"scroll","background-type":"","background-media":"","overlay-type":"","overlay-color":"","overlay-opacity":"","overlay-gradient":""},"mobile":{"background-color":"var(--ast-global-color-5)","background-image":"","background-repeat":"repeat","background-position":"center center","background-size":"auto","background-attachment":"scroll","background-type":"","background-media":"","overlay-type":"","overlay-color":"","overlay-opacity":"","overlay-gradient":""}},"footnotes":""},"class_list":["post-3","page","type-page","status-publish","hentry"],"jetpack-related-posts":[{"id":111,"url":"https:\/\/www.khasely.com\/en\/conditions-generales-de-vente\/","url_meta":{"origin":3,"position":0},"title":"Conditions of Sell","author":"Khasely","date":"October 16, 2021","format":false,"excerpt":"Les pr\u00e9sentes conditions de vente sont conclues d\u2019une part par la soci\u00e9t\u00e9 Khasely Witchcraft. dont le si\u00e8ge social est situ\u00e9 au 35 rue Marivaux, 63200 Riom, immatricul\u00e9e et g\u00e9rant le site www.khasely.com et, d\u2019autre part, par toute personne physique ou morale souhaitant proc\u00e9der \u00e0 un achat via le site internet\u2026","rel":"","context":"Similar post","block_context":{"text":"Similar post","link":""},"img":{"alt_text":"","src":"","width":0,"height":0},"classes":[]},{"id":103,"url":"https:\/\/www.khasely.com\/en\/conditions-dutilisations\/","url_meta":{"origin":3,"position":1},"title":"Conditions d&rsquo;utilisations","author":"Khasely","date":"October 16, 2021","format":false,"excerpt":"Derni\u00e8re mise \u00e0 jour le 31\/10\/2021 Article 1 : Objet Les pr\u00e9sentes CGU ou Conditions G\u00e9n\u00e9rales d\u2019Utilisation encadrent juridiquement l\u2019utilisation des services du site www.khasely.com (ci-apr\u00e8s d\u00e9nomm\u00e9 \u00ab le site \u00bb). Constituant le contrat entre la soci\u00e9t\u00e9 Khasely Witchcraft, l\u2019Utilisateurice, l\u2019acc\u00e8s au site doit \u00eatre pr\u00e9c\u00e9d\u00e9 de l\u2019acceptation de ces\u2026","rel":"","context":"Similar post","block_context":{"text":"Similar post","link":""},"img":{"alt_text":"","src":"","width":0,"height":0},"classes":[]},{"id":28,"url":"https:\/\/www.khasely.com\/en\/contact\/","url_meta":{"origin":3,"position":2},"title":"Contact","author":"Khasely","date":"October 15, 2021","format":false,"excerpt":"ATTENTION : Ce formulaire ne permet pas de demander des informations \u00e0 propos du tatouage, que ce soit pour les flashs ou les projets. Rendez-vous ICI pour pour le formulaire concernant le tatouage ! ATTENTION : Ce formulaire ne permet pas de demander des informations \u00e0 propos du tatouage, que\u2026","rel":"","context":"Similar post","block_context":{"text":"Similar post","link":""},"img":{"alt_text":"","src":"","width":0,"height":0},"classes":[]},{"id":31,"url":"https:\/\/www.khasely.com\/en\/","url_meta":{"origin":3,"position":3},"title":"Home","author":"Khasely","date":"October 15, 2021","format":false,"excerpt":"Tatouage Prendre rendez-vous Portfolio tatouage & pr\u00e9sentation du studio Art & illustration Passer une commande d'illustration Portfolio d'illustration Je suis Khasely, tatoueuse et artiste lyonnaise et clermontoise un peu touche-\u00e0-tout. Entre tatouage, illustration et graphisme, l\u2019art est ce que j\u2019aime le plus. J\u2019aime transposer vos id\u00e9es et les miennes sur\u2026","rel":"","context":"Similar post","block_context":{"text":"Similar post","link":""},"img":{"alt_text":"Khasely - Illustration originale Reflection","src":"https:\/\/i0.wp.com\/www.khasely.com\/wp-content\/uploads\/2024\/11\/Reflection2.jpg?resize=350%2C200","width":350,"height":200,"srcset":"https:\/\/i0.wp.com\/www.khasely.com\/wp-content\/uploads\/2024\/11\/Reflection2.jpg?resize=350%2C200 1x, https:\/\/i0.wp.com\/www.khasely.com\/wp-content\/uploads\/2024\/11\/Reflection2.jpg?resize=525%2C300 1.5x, https:\/\/i0.wp.com\/www.khasely.com\/wp-content\/uploads\/2024\/11\/Reflection2.jpg?resize=700%2C400 2x"},"classes":[]},{"id":43,"url":"https:\/\/www.khasely.com\/en\/commander\/","url_meta":{"origin":3,"position":4},"title":"Validation de la commande","author":"Khasely","date":"October 15, 2021","format":false,"excerpt":"","rel":"","context":"Similar post","block_context":{"text":"Similar post","link":""},"img":{"alt_text":"","src":"","width":0,"height":0},"classes":[]},{"id":263,"url":"https:\/\/www.khasely.com\/en\/prise-de-rendez-vous\/","url_meta":{"origin":3,"position":5},"title":"Tattoo Appointment","author":"Khasely","date":"December 31, 2021","format":false,"excerpt":"Comment demander un rendez-vous ? Pour commencer, remplissez le formulaire en bas de cette page. Apr\u00e8s r\u00e9ception de votre demande, vous recevrez une r\u00e9ponse sous 5 jours pour les projets, et 2 jours pour les flashs, hors vacances. Nous verrons ensemble la faisabilit\u00e9 de votre demande, l'estimation d'un prix et\u2026","rel":"","context":"Similar post","block_context":{"text":"Similar post","link":""},"img":{"alt_text":"old book with old map","src":"https:\/\/i0.wp.com\/www.khasely.com\/wp-content\/uploads\/2021\/12\/vintage-1602605_1920-1.jpg?resize=350%2C200&ssl=1","width":350,"height":200,"srcset":"https:\/\/i0.wp.com\/www.khasely.com\/wp-content\/uploads\/2021\/12\/vintage-1602605_1920-1.jpg?resize=350%2C200&ssl=1 1x, https:\/\/i0.wp.com\/www.khasely.com\/wp-content\/uploads\/2021\/12\/vintage-1602605_1920-1.jpg?resize=525%2C300&ssl=1 1.5x, https:\/\/i0.wp.com\/www.khasely.com\/wp-content\/uploads\/2021\/12\/vintage-1602605_1920-1.jpg?resize=700%2C400&ssl=1 2x, https:\/\/i0.wp.com\/www.khasely.com\/wp-content\/uploads\/2021\/12\/vintage-1602605_1920-1.jpg?resize=1050%2C600&ssl=1 3x, https:\/\/i0.wp.com\/www.khasely.com\/wp-content\/uploads\/2021\/12\/vintage-1602605_1920-1.jpg?resize=1400%2C800&ssl=1 4x"},"classes":[]}],"jetpack_sharing_enabled":true,"_links":{"self":[{"href":"https:\/\/www.khasely.com\/en\/wp-json\/wp\/v2\/pages\/3","targetHints":{"allow":["GET"]}}],"collection":[{"href":"https:\/\/www.khasely.com\/en\/wp-json\/wp\/v2\/pages"}],"about":[{"href":"https:\/\/www.khasely.com\/en\/wp-json\/wp\/v2\/types\/page"}],"author":[{"embeddable":true,"href":"https:\/\/www.khasely.com\/en\/wp-json\/wp\/v2\/users\/1"}],"replies":[{"embeddable":true,"href":"https:\/\/www.khasely.com\/en\/wp-json\/wp\/v2\/comments?post=3"}],"version-history":[{"count":5,"href":"https:\/\/www.khasely.com\/en\/wp-json\/wp\/v2\/pages\/3\/revisions"}],"predecessor-version":[{"id":332,"href":"https:\/\/www.khasely.com\/en\/wp-json\/wp\/v2\/pages\/3\/revisions\/332"}],"wp:attachment":[{"href":"https:\/\/www.khasely.com\/en\/wp-json\/wp\/v2\/media?parent=3"}],"curies":[{"name":"wp","href":"https:\/\/api.w.org\/{rel}","templated":true}]}}