{"id":489,"date":"2022-11-09T21:28:27","date_gmt":"2022-11-09T21:28:27","guid":{"rendered":"https:\/\/www.khasely.com\/?post_type=product&#038;p=489"},"modified":"2024-11-25T15:37:21","modified_gmt":"2024-11-25T15:37:21","slug":"reflection","status":"publish","type":"product","link":"https:\/\/www.khasely.com\/en\/product\/reflection\/","title":{"rendered":"Reflection"},"content":{"rendered":"<p><img data-recalc-dims=\"1\" loading=\"lazy\" decoding=\"async\" class=\"alignnone wp-image-492 size-medium\" src=\"https:\/\/i0.wp.com\/www.khasely.com\/wp-content\/uploads\/2022\/11\/Reflection-scan-site-web-211x300.png?resize=211%2C300&#038;ssl=1\" alt=\"Khasely - Reflection - scan\" width=\"211\" height=\"300\" \/><\/p>","protected":false},"excerpt":{"rendered":"<div class=\"woocommerce-product-details__short-description\">\n<p>\"Reflection\" is an original artwork, drawn and painted by hand. No intended reproduction of this illustration.<\/p>\n<ul>\n<li>Size : A4 (21\u00d729,7 cm).<\/li>\n<li>Reproduction : No<\/li>\n<li>Material : colored pencils<\/li>\n<li>Paper : 250g smooth paper<\/li>\n<li>Sold unframed.<\/li>\n<li>Careful shipping within 7 days.<\/li>\n<\/ul>\n<p>The rendering of computer screens, tablets and telephones being variable, the colors can be slightly different from the photo.<\/p>\n<\/div>","protected":false},"featured_media":604,"template":"","meta":{"site-sidebar-layout":"default","site-content-layout":"default","ast-site-content-layout":"default","site-content-style":"default","site-sidebar-style":"default","ast-global-header-display":"","ast-banner-title-visibility":"","ast-main-header-display":"","ast-hfb-above-header-display":"","ast-hfb-below-header-display":"","ast-hfb-mobile-header-display":"","site-post-title":"","ast-breadcrumbs-content":"","ast-featured-img":"","footer-sml-layout":"","theme-transparent-header-meta":"default","adv-header-id-meta":"","stick-header-meta":"","header-above-stick-meta":"","header-main-stick-meta":"","header-below-stick-meta":"","astra-migrate-meta-layouts":"set","ast-page-background-enabled":"default","ast-page-background-meta":{"desktop":{"background-color":"var(--ast-global-color-4)","background-image":"","background-repeat":"repeat","background-position":"center center","background-size":"auto","background-attachment":"scroll","background-type":"","background-media":"","overlay-type":"","overlay-color":"","overlay-opacity":"","overlay-gradient":""},"tablet":{"background-color":"","background-image":"","background-repeat":"repeat","background-position":"center center","background-size":"auto","background-attachment":"scroll","background-type":"","background-media":"","overlay-type":"","overlay-color":"","overlay-opacity":"","overlay-gradient":""},"mobile":{"background-color":"","background-image":"","background-repeat":"repeat","background-position":"center center","background-size":"auto","background-attachment":"scroll","background-type":"","background-media":"","overlay-type":"","overlay-color":"","overlay-opacity":"","overlay-gradient":""}},"ast-content-background-meta":{"desktop":{"background-color":"var(--ast-global-color-5)","background-image":"","background-repeat":"repeat","background-position":"center center","background-size":"auto","background-attachment":"scroll","background-type":"","background-media":"","overlay-type":"","overlay-color":"","overlay-opacity":"","overlay-gradient":""},"tablet":{"background-color":"var(--ast-global-color-5)","background-image":"","background-repeat":"repeat","background-position":"center center","background-size":"auto","background-attachment":"scroll","background-type":"","background-media":"","overlay-type":"","overlay-color":"","overlay-opacity":"","overlay-gradient":""},"mobile":{"background-color":"var(--ast-global-color-5)","background-image":"","background-repeat":"repeat","background-position":"center center","background-size":"auto","background-attachment":"scroll","background-type":"","background-media":"","overlay-type":"","overlay-color":"","overlay-opacity":"","overlay-gradient":""}}},"product_brand":[],"product_cat":[47,42],"product_tag":[],"class_list":{"0":"post-489","1":"product","2":"type-product","3":"status-publish","4":"has-post-thumbnail","6":"product_cat-a4","7":"product_cat-originaux","8":"desktop-align-left","9":"tablet-align-left","10":"mobile-align-left","12":"first","13":"instock","14":"sold-individually","15":"shipping-taxable","16":"purchasable","17":"product-type-simple"},"jetpack-related-posts":[{"id":531,"url":"https:\/\/www.khasely.com\/en\/product\/concrescence\/","url_meta":{"origin":489,"position":0},"title":"Concrescence","author":"Khasely","date":"December 7, 2022","format":false,"excerpt":"Concrescence est une illustration originale, dessin\u00e9e \u00e0 la main. Pas de reproduction pr\u00e9vue de cette illustration. Taille : 229x305 mm. Reproduction pr\u00e9vue : Non Mat\u00e9riel : encre et feutre Papier : papier aquarelle 100% cellulose, 300g Vendu sans cadre. Envoi soign\u00e9 sous 7 jours. Le rendu des \u00e9crans d\u2019ordinateur, des\u2026","rel":"","context":"Similar post","block_context":{"text":"Similar post","link":""},"img":{"alt_text":"Khasely - Illustration Concrescence","src":"https:\/\/i0.wp.com\/www.khasely.com\/wp-content\/uploads\/2022\/12\/Concrescence-petite-taille.jpg?fit=1050%2C1050&ssl=1&resize=350%2C200","width":350,"height":200,"srcset":"https:\/\/i0.wp.com\/www.khasely.com\/wp-content\/uploads\/2022\/12\/Concrescence-petite-taille.jpg?fit=1050%2C1050&ssl=1&resize=350%2C200 1x, https:\/\/i0.wp.com\/www.khasely.com\/wp-content\/uploads\/2022\/12\/Concrescence-petite-taille.jpg?fit=1050%2C1050&ssl=1&resize=525%2C300 1.5x, https:\/\/i0.wp.com\/www.khasely.com\/wp-content\/uploads\/2022\/12\/Concrescence-petite-taille.jpg?fit=1050%2C1050&ssl=1&resize=700%2C400 2x, https:\/\/i0.wp.com\/www.khasely.com\/wp-content\/uploads\/2022\/12\/Concrescence-petite-taille.jpg?fit=1050%2C1050&ssl=1&resize=1050%2C600 3x"},"classes":[]},{"id":525,"url":"https:\/\/www.khasely.com\/en\/product\/fortune-teller\/","url_meta":{"origin":489,"position":1},"title":"Fortune-teller","author":"Khasely","date":"December 5, 2022","format":false,"excerpt":"Fortune-teller est une illustration originale, peinte et dessin\u00e9e \u00e0 la main. Pas de reproduction pr\u00e9vue de cette illustration. Taille : A4 (21x29,7 cm). Reproduction pr\u00e9vue : Non Mat\u00e9riel : peinture aquarelle et feutres Papier : papier aquarelle 100% coton 300g Vendu sans cadre. Envoi soign\u00e9 sous 7 jours. Le rendu\u2026","rel":"","context":"Similar post","block_context":{"text":"Similar post","link":""},"img":{"alt_text":"Khasely - Fortune-teller illustration","src":"https:\/\/i0.wp.com\/www.khasely.com\/wp-content\/uploads\/2022\/12\/Fortune-teller.jpg?fit=849%2C849&ssl=1&resize=350%2C200","width":350,"height":200,"srcset":"https:\/\/i0.wp.com\/www.khasely.com\/wp-content\/uploads\/2022\/12\/Fortune-teller.jpg?fit=849%2C849&ssl=1&resize=350%2C200 1x, https:\/\/i0.wp.com\/www.khasely.com\/wp-content\/uploads\/2022\/12\/Fortune-teller.jpg?fit=849%2C849&ssl=1&resize=525%2C300 1.5x, https:\/\/i0.wp.com\/www.khasely.com\/wp-content\/uploads\/2022\/12\/Fortune-teller.jpg?fit=849%2C849&ssl=1&resize=700%2C400 2x"},"classes":[]},{"id":860,"url":"https:\/\/www.khasely.com\/en\/product\/light-in-darkness\/","url_meta":{"origin":489,"position":2},"title":"Light in Darkness","author":"Khasely","date":"November 26, 2023","format":false,"excerpt":"Light in Darkness est une illustration originale, dessin\u00e9e \u00e0 la main. Pas de reproduction pr\u00e9vue de cette illustration. Taille : 210x297 mm. Reproduction pr\u00e9vue : Non Mat\u00e9riel : encre, feutre, crayons Papier : papier lisse 250g Vendu sans cadre. Envoi soign\u00e9 sous 7 jours. Le rendu des \u00e9crans d\u2019ordinateur, des\u2026","rel":"","context":"Similar post","block_context":{"text":"Similar post","link":""},"img":{"alt_text":"Khasely, illustration originale Light in darkness - 1","src":"https:\/\/i0.wp.com\/www.khasely.com\/wp-content\/uploads\/2023\/09\/Light-in-darkness-1-petite-taille.jpg?fit=800%2C800&ssl=1&resize=350%2C200","width":350,"height":200,"srcset":"https:\/\/i0.wp.com\/www.khasely.com\/wp-content\/uploads\/2023\/09\/Light-in-darkness-1-petite-taille.jpg?fit=800%2C800&ssl=1&resize=350%2C200 1x, https:\/\/i0.wp.com\/www.khasely.com\/wp-content\/uploads\/2023\/09\/Light-in-darkness-1-petite-taille.jpg?fit=800%2C800&ssl=1&resize=525%2C300 1.5x, https:\/\/i0.wp.com\/www.khasely.com\/wp-content\/uploads\/2023\/09\/Light-in-darkness-1-petite-taille.jpg?fit=800%2C800&ssl=1&resize=700%2C400 2x"},"classes":[]},{"id":539,"url":"https:\/\/www.khasely.com\/en\/product\/old-mug\/","url_meta":{"origin":489,"position":3},"title":"Old Mug","author":"Khasely","date":"March 28, 2023","format":false,"excerpt":"Old Mug est une \u0153uvre originale, dessin\u00e9e et peinte \u00e0 la main. Pas de reproduction pr\u00e9vue de cette illustration. Taille : A5 (14,8 x 21 cm). Reproduction pr\u00e9vue : Non Mat\u00e9riel : encre Papier : papier lisse 250g Vendu sans cadre. Envoi soign\u00e9 sous 7 jours. Le rendu des \u00e9crans\u2026","rel":"","context":"Similar post","block_context":{"text":"Similar post","link":""},"img":{"alt_text":"Khasely, illustration Old Mug","src":"https:\/\/i0.wp.com\/www.khasely.com\/wp-content\/uploads\/2023\/04\/Khasely-illustration-Old-Mug.jpg?fit=867%2C867&ssl=1&resize=350%2C200","width":350,"height":200,"srcset":"https:\/\/i0.wp.com\/www.khasely.com\/wp-content\/uploads\/2023\/04\/Khasely-illustration-Old-Mug.jpg?fit=867%2C867&ssl=1&resize=350%2C200 1x, https:\/\/i0.wp.com\/www.khasely.com\/wp-content\/uploads\/2023\/04\/Khasely-illustration-Old-Mug.jpg?fit=867%2C867&ssl=1&resize=525%2C300 1.5x, https:\/\/i0.wp.com\/www.khasely.com\/wp-content\/uploads\/2023\/04\/Khasely-illustration-Old-Mug.jpg?fit=867%2C867&ssl=1&resize=700%2C400 2x"},"classes":[]},{"id":865,"url":"https:\/\/www.khasely.com\/en\/product\/last-candle\/","url_meta":{"origin":489,"position":4},"title":"Last Candle","author":"Khasely","date":"December 12, 2023","format":false,"excerpt":"Last Candle est une illustration originale, dessin\u00e9e \u00e0 la main. Pas de reproduction pr\u00e9vue de cette illustration. Taille : 210x297 mm. Reproduction pr\u00e9vue : Non Mat\u00e9riel : encre, feutre, crayons Papier : papier lisse 250g Vendu sans cadre. Envoi soign\u00e9 sous 7 jours. Le rendu des \u00e9crans d\u2019ordinateur, des tablettes\u2026","rel":"","context":"Similar post","block_context":{"text":"Similar post","link":""},"img":{"alt_text":"Khasely, illustration originale Last Candle - format carr\u00e9","src":"https:\/\/i0.wp.com\/www.khasely.com\/wp-content\/uploads\/2023\/12\/1-carre-petite-taille.jpg?fit=750%2C750&ssl=1&resize=350%2C200","width":350,"height":200,"srcset":"https:\/\/i0.wp.com\/www.khasely.com\/wp-content\/uploads\/2023\/12\/1-carre-petite-taille.jpg?fit=750%2C750&ssl=1&resize=350%2C200 1x, https:\/\/i0.wp.com\/www.khasely.com\/wp-content\/uploads\/2023\/12\/1-carre-petite-taille.jpg?fit=750%2C750&ssl=1&resize=525%2C300 1.5x, https:\/\/i0.wp.com\/www.khasely.com\/wp-content\/uploads\/2023\/12\/1-carre-petite-taille.jpg?fit=750%2C750&ssl=1&resize=700%2C400 2x"},"classes":[]},{"id":859,"url":"https:\/\/www.khasely.com\/en\/product\/print-hecate\/","url_meta":{"origin":489,"position":5},"title":"Print : Hecate","author":"Khasely","date":"November 25, 2024","format":false,"excerpt":"Hecate est une illustration cr\u00e9\u00e9e en num\u00e9rique, en 2023, en tirage limit\u00e9 \u00e0 100 exemplaires. Taille : A4. Papier : papier textur\u00e9 Rives Tradition 250g Reproduction imprim\u00e9e. Tirage limit\u00e9 : 100 exemplaires Vendu sans cadre. Envoi soign\u00e9 sous 7 jours. Le rendu des \u00e9crans d\u2019ordinateur, des tablettes et des t\u00e9l\u00e9phones\u2026","rel":"","context":"Similar post","block_context":{"text":"Similar post","link":""},"img":{"alt_text":"Khasely - art - print Hecate 1","src":"https:\/\/i0.wp.com\/www.khasely.com\/wp-content\/uploads\/2023\/11\/Hecate-1-petite-taille.jpg?fit=960%2C960&ssl=1&resize=350%2C200","width":350,"height":200,"srcset":"https:\/\/i0.wp.com\/www.khasely.com\/wp-content\/uploads\/2023\/11\/Hecate-1-petite-taille.jpg?fit=960%2C960&ssl=1&resize=350%2C200 1x, https:\/\/i0.wp.com\/www.khasely.com\/wp-content\/uploads\/2023\/11\/Hecate-1-petite-taille.jpg?fit=960%2C960&ssl=1&resize=525%2C300 1.5x, https:\/\/i0.wp.com\/www.khasely.com\/wp-content\/uploads\/2023\/11\/Hecate-1-petite-taille.jpg?fit=960%2C960&ssl=1&resize=700%2C400 2x"},"classes":[]}],"jetpack_sharing_enabled":true,"_links":{"self":[{"href":"https:\/\/www.khasely.com\/en\/wp-json\/wp\/v2\/product\/489","targetHints":{"allow":["GET"]}}],"collection":[{"href":"https:\/\/www.khasely.com\/en\/wp-json\/wp\/v2\/product"}],"about":[{"href":"https:\/\/www.khasely.com\/en\/wp-json\/wp\/v2\/types\/product"}],"wp:featuredmedia":[{"embeddable":true,"href":"https:\/\/www.khasely.com\/en\/wp-json\/wp\/v2\/media\/604"}],"wp:attachment":[{"href":"https:\/\/www.khasely.com\/en\/wp-json\/wp\/v2\/media?parent=489"}],"wp:term":[{"taxonomy":"product_brand","embeddable":true,"href":"https:\/\/www.khasely.com\/en\/wp-json\/wp\/v2\/product_brand?post=489"},{"taxonomy":"product_cat","embeddable":true,"href":"https:\/\/www.khasely.com\/en\/wp-json\/wp\/v2\/product_cat?post=489"},{"taxonomy":"product_tag","embeddable":true,"href":"https:\/\/www.khasely.com\/en\/wp-json\/wp\/v2\/product_tag?post=489"}],"curies":[{"name":"wp","href":"https:\/\/api.w.org\/{rel}","templated":true}]}}