{"id":859,"date":"2024-11-25T15:15:31","date_gmt":"2024-11-25T15:15:31","guid":{"rendered":"https:\/\/www.khasely.com\/?post_type=product&#038;p=859"},"modified":"2024-11-25T15:32:51","modified_gmt":"2024-11-25T15:32:51","slug":"print-hecate","status":"publish","type":"product","link":"https:\/\/www.khasely.com\/en\/product\/print-hecate\/","title":{"rendered":"Print : Hecate"},"content":{"rendered":"<p><img data-recalc-dims=\"1\" loading=\"lazy\" decoding=\"async\" class=\"alignnone wp-image-944 size-medium\" src=\"https:\/\/i0.wp.com\/www.khasely.com\/wp-content\/uploads\/2024\/11\/Hecate.jpg?resize=300%2C300&#038;ssl=1\" alt=\"Khasely - art - print Hecate 2\" width=\"300\" height=\"300\" srcset=\"https:\/\/i0.wp.com\/www.khasely.com\/wp-content\/uploads\/2024\/11\/Hecate.jpg?resize=300%2C300&amp;ssl=1 300w, https:\/\/i0.wp.com\/www.khasely.com\/wp-content\/uploads\/2024\/11\/Hecate.jpg?resize=150%2C150&amp;ssl=1 150w, https:\/\/i0.wp.com\/www.khasely.com\/wp-content\/uploads\/2024\/11\/Hecate.jpg?resize=12%2C12&amp;ssl=1 12w, https:\/\/i0.wp.com\/www.khasely.com\/wp-content\/uploads\/2024\/11\/Hecate.jpg?resize=600%2C600&amp;ssl=1 600w, https:\/\/i0.wp.com\/www.khasely.com\/wp-content\/uploads\/2024\/11\/Hecate.jpg?resize=100%2C100&amp;ssl=1 100w, https:\/\/i0.wp.com\/www.khasely.com\/wp-content\/uploads\/2024\/11\/Hecate.jpg?w=750&amp;ssl=1 750w\" sizes=\"auto, (max-width: 300px) 100vw, 300px\" \/><\/p>","protected":false},"excerpt":{"rendered":"<p>Hecate est une illustration cr\u00e9\u00e9e en num\u00e9rique, en 2023, en tirage limit\u00e9 \u00e0 100 exemplaires.<\/p>\n<ul>\n<li>Size : A4 (21 x 29,7 cm)<\/li>\n<li>Papier : papier textur\u00e9 Rives Tradition 250g<\/li>\n<li>Print (100 copies)<\/li>\n<li>Tirage limit\u00e9 : 100 exemplaires<\/li>\n<li>Sold unframed.<\/li>\n<li>Careful shipping within 7 days.<\/li>\n<\/ul>\n<p>The rendering of computer screens, tablets and telephones being variable, the colors can be slightly different from the photo.<\/p>","protected":false},"featured_media":847,"template":"","meta":{"site-sidebar-layout":"default","site-content-layout":"default","ast-site-content-layout":"default","site-content-style":"default","site-sidebar-style":"default","ast-global-header-display":"","ast-banner-title-visibility":"","ast-main-header-display":"","ast-hfb-above-header-display":"","ast-hfb-below-header-display":"","ast-hfb-mobile-header-display":"","site-post-title":"","ast-breadcrumbs-content":"","ast-featured-img":"","footer-sml-layout":"","theme-transparent-header-meta":"default","adv-header-id-meta":"","stick-header-meta":"","header-above-stick-meta":"","header-main-stick-meta":"","header-below-stick-meta":"","astra-migrate-meta-layouts":"set","ast-page-background-enabled":"default","ast-page-background-meta":{"desktop":{"background-color":"var(--ast-global-color-4)","background-image":"","background-repeat":"repeat","background-position":"center center","background-size":"auto","background-attachment":"scroll","background-type":"","background-media":"","overlay-type":"","overlay-color":"","overlay-opacity":"","overlay-gradient":""},"tablet":{"background-color":"","background-image":"","background-repeat":"repeat","background-position":"center center","background-size":"auto","background-attachment":"scroll","background-type":"","background-media":"","overlay-type":"","overlay-color":"","overlay-opacity":"","overlay-gradient":""},"mobile":{"background-color":"","background-image":"","background-repeat":"repeat","background-position":"center center","background-size":"auto","background-attachment":"scroll","background-type":"","background-media":"","overlay-type":"","overlay-color":"","overlay-opacity":"","overlay-gradient":""}},"ast-content-background-meta":{"desktop":{"background-color":"var(--ast-global-color-5)","background-image":"","background-repeat":"repeat","background-position":"center center","background-size":"auto","background-attachment":"scroll","background-type":"","background-media":"","overlay-type":"","overlay-color":"","overlay-opacity":"","overlay-gradient":""},"tablet":{"background-color":"var(--ast-global-color-5)","background-image":"","background-repeat":"repeat","background-position":"center center","background-size":"auto","background-attachment":"scroll","background-type":"","background-media":"","overlay-type":"","overlay-color":"","overlay-opacity":"","overlay-gradient":""},"mobile":{"background-color":"var(--ast-global-color-5)","background-image":"","background-repeat":"repeat","background-position":"center center","background-size":"auto","background-attachment":"scroll","background-type":"","background-media":"","overlay-type":"","overlay-color":"","overlay-opacity":"","overlay-gradient":""}}},"product_brand":[],"product_cat":[47,43],"product_tag":[],"class_list":{"0":"post-859","1":"product","2":"type-product","3":"status-publish","4":"has-post-thumbnail","6":"product_cat-a4","7":"product_cat-prints","8":"desktop-align-left","9":"tablet-align-left","10":"mobile-align-left","12":"first","13":"instock","14":"shipping-taxable","15":"purchasable","16":"product-type-simple"},"jetpack-related-posts":[{"id":531,"url":"https:\/\/www.khasely.com\/en\/product\/concrescence\/","url_meta":{"origin":859,"position":0},"title":"Concrescence","author":"Khasely","date":"December 7, 2022","format":false,"excerpt":"Concrescence est une illustration originale, dessin\u00e9e \u00e0 la main. Pas de reproduction pr\u00e9vue de cette illustration. Taille : 229x305 mm. Reproduction pr\u00e9vue : Non Mat\u00e9riel : encre et feutre Papier : papier aquarelle 100% cellulose, 300g Vendu sans cadre. Envoi soign\u00e9 sous 7 jours. Le rendu des \u00e9crans d\u2019ordinateur, des\u2026","rel":"","context":"Similar post","block_context":{"text":"Similar post","link":""},"img":{"alt_text":"Khasely - Illustration Concrescence","src":"https:\/\/i0.wp.com\/www.khasely.com\/wp-content\/uploads\/2022\/12\/Concrescence-petite-taille.jpg?fit=1050%2C1050&ssl=1&resize=350%2C200","width":350,"height":200,"srcset":"https:\/\/i0.wp.com\/www.khasely.com\/wp-content\/uploads\/2022\/12\/Concrescence-petite-taille.jpg?fit=1050%2C1050&ssl=1&resize=350%2C200 1x, https:\/\/i0.wp.com\/www.khasely.com\/wp-content\/uploads\/2022\/12\/Concrescence-petite-taille.jpg?fit=1050%2C1050&ssl=1&resize=525%2C300 1.5x, https:\/\/i0.wp.com\/www.khasely.com\/wp-content\/uploads\/2022\/12\/Concrescence-petite-taille.jpg?fit=1050%2C1050&ssl=1&resize=700%2C400 2x, https:\/\/i0.wp.com\/www.khasely.com\/wp-content\/uploads\/2022\/12\/Concrescence-petite-taille.jpg?fit=1050%2C1050&ssl=1&resize=1050%2C600 3x"},"classes":[]},{"id":525,"url":"https:\/\/www.khasely.com\/en\/product\/fortune-teller\/","url_meta":{"origin":859,"position":1},"title":"Fortune-teller","author":"Khasely","date":"December 5, 2022","format":false,"excerpt":"Fortune-teller est une illustration originale, peinte et dessin\u00e9e \u00e0 la main. Pas de reproduction pr\u00e9vue de cette illustration. Taille : A4 (21x29,7 cm). Reproduction pr\u00e9vue : Non Mat\u00e9riel : peinture aquarelle et feutres Papier : papier aquarelle 100% coton 300g Vendu sans cadre. Envoi soign\u00e9 sous 7 jours. Le rendu\u2026","rel":"","context":"Similar post","block_context":{"text":"Similar post","link":""},"img":{"alt_text":"Khasely - Fortune-teller illustration","src":"https:\/\/i0.wp.com\/www.khasely.com\/wp-content\/uploads\/2022\/12\/Fortune-teller.jpg?fit=849%2C849&ssl=1&resize=350%2C200","width":350,"height":200,"srcset":"https:\/\/i0.wp.com\/www.khasely.com\/wp-content\/uploads\/2022\/12\/Fortune-teller.jpg?fit=849%2C849&ssl=1&resize=350%2C200 1x, https:\/\/i0.wp.com\/www.khasely.com\/wp-content\/uploads\/2022\/12\/Fortune-teller.jpg?fit=849%2C849&ssl=1&resize=525%2C300 1.5x, https:\/\/i0.wp.com\/www.khasely.com\/wp-content\/uploads\/2022\/12\/Fortune-teller.jpg?fit=849%2C849&ssl=1&resize=700%2C400 2x"},"classes":[]},{"id":489,"url":"https:\/\/www.khasely.com\/en\/product\/reflection\/","url_meta":{"origin":859,"position":2},"title":"Reflection","author":"Khasely","date":"November 9, 2022","format":false,"excerpt":"Reflection est une illustration originale, dessin\u00e9e \u00e0 la main. Pas de reproduction pr\u00e9vue de cette illustration. Taille : A4 (21x29,7 cm). Reproduction pr\u00e9vue : Non Mat\u00e9riel : crayons de couleur Papier : papier lisse 250g Vendu sans cadre. Envoi soign\u00e9 sous 7 jours. Le rendu des \u00e9crans d\u2019ordinateur, des tablettes\u2026","rel":"","context":"Similar post","block_context":{"text":"Similar post","link":""},"img":{"alt_text":"Khasely, illustration Reflection","src":"https:\/\/i0.wp.com\/www.khasely.com\/wp-content\/uploads\/2023\/04\/Khasely-illustration-Reflection.jpg?fit=867%2C867&ssl=1&resize=350%2C200","width":350,"height":200,"srcset":"https:\/\/i0.wp.com\/www.khasely.com\/wp-content\/uploads\/2023\/04\/Khasely-illustration-Reflection.jpg?fit=867%2C867&ssl=1&resize=350%2C200 1x, https:\/\/i0.wp.com\/www.khasely.com\/wp-content\/uploads\/2023\/04\/Khasely-illustration-Reflection.jpg?fit=867%2C867&ssl=1&resize=525%2C300 1.5x, https:\/\/i0.wp.com\/www.khasely.com\/wp-content\/uploads\/2023\/04\/Khasely-illustration-Reflection.jpg?fit=867%2C867&ssl=1&resize=700%2C400 2x"},"classes":[]},{"id":539,"url":"https:\/\/www.khasely.com\/en\/product\/old-mug\/","url_meta":{"origin":859,"position":3},"title":"Old Mug","author":"Khasely","date":"March 28, 2023","format":false,"excerpt":"Old Mug est une \u0153uvre originale, dessin\u00e9e et peinte \u00e0 la main. Pas de reproduction pr\u00e9vue de cette illustration. Taille : A5 (14,8 x 21 cm). Reproduction pr\u00e9vue : Non Mat\u00e9riel : encre Papier : papier lisse 250g Vendu sans cadre. Envoi soign\u00e9 sous 7 jours. Le rendu des \u00e9crans\u2026","rel":"","context":"Similar post","block_context":{"text":"Similar post","link":""},"img":{"alt_text":"Khasely, illustration Old Mug","src":"https:\/\/i0.wp.com\/www.khasely.com\/wp-content\/uploads\/2023\/04\/Khasely-illustration-Old-Mug.jpg?fit=867%2C867&ssl=1&resize=350%2C200","width":350,"height":200,"srcset":"https:\/\/i0.wp.com\/www.khasely.com\/wp-content\/uploads\/2023\/04\/Khasely-illustration-Old-Mug.jpg?fit=867%2C867&ssl=1&resize=350%2C200 1x, https:\/\/i0.wp.com\/www.khasely.com\/wp-content\/uploads\/2023\/04\/Khasely-illustration-Old-Mug.jpg?fit=867%2C867&ssl=1&resize=525%2C300 1.5x, https:\/\/i0.wp.com\/www.khasely.com\/wp-content\/uploads\/2023\/04\/Khasely-illustration-Old-Mug.jpg?fit=867%2C867&ssl=1&resize=700%2C400 2x"},"classes":[]},{"id":860,"url":"https:\/\/www.khasely.com\/en\/product\/light-in-darkness\/","url_meta":{"origin":859,"position":4},"title":"Light in Darkness","author":"Khasely","date":"November 26, 2023","format":false,"excerpt":"Light in Darkness est une illustration originale, dessin\u00e9e \u00e0 la main. Pas de reproduction pr\u00e9vue de cette illustration. Taille : 210x297 mm. Reproduction pr\u00e9vue : Non Mat\u00e9riel : encre, feutre, crayons Papier : papier lisse 250g Vendu sans cadre. Envoi soign\u00e9 sous 7 jours. Le rendu des \u00e9crans d\u2019ordinateur, des\u2026","rel":"","context":"Similar post","block_context":{"text":"Similar post","link":""},"img":{"alt_text":"Khasely, illustration originale Light in darkness - 1","src":"https:\/\/i0.wp.com\/www.khasely.com\/wp-content\/uploads\/2023\/09\/Light-in-darkness-1-petite-taille.jpg?fit=800%2C800&ssl=1&resize=350%2C200","width":350,"height":200,"srcset":"https:\/\/i0.wp.com\/www.khasely.com\/wp-content\/uploads\/2023\/09\/Light-in-darkness-1-petite-taille.jpg?fit=800%2C800&ssl=1&resize=350%2C200 1x, https:\/\/i0.wp.com\/www.khasely.com\/wp-content\/uploads\/2023\/09\/Light-in-darkness-1-petite-taille.jpg?fit=800%2C800&ssl=1&resize=525%2C300 1.5x, https:\/\/i0.wp.com\/www.khasely.com\/wp-content\/uploads\/2023\/09\/Light-in-darkness-1-petite-taille.jpg?fit=800%2C800&ssl=1&resize=700%2C400 2x"},"classes":[]},{"id":865,"url":"https:\/\/www.khasely.com\/en\/product\/last-candle\/","url_meta":{"origin":859,"position":5},"title":"Last Candle","author":"Khasely","date":"December 12, 2023","format":false,"excerpt":"Last Candle est une illustration originale, dessin\u00e9e \u00e0 la main. Pas de reproduction pr\u00e9vue de cette illustration. Taille : 210x297 mm. Reproduction pr\u00e9vue : Non Mat\u00e9riel : encre, feutre, crayons Papier : papier lisse 250g Vendu sans cadre. Envoi soign\u00e9 sous 7 jours. Le rendu des \u00e9crans d\u2019ordinateur, des tablettes\u2026","rel":"","context":"Similar post","block_context":{"text":"Similar post","link":""},"img":{"alt_text":"Khasely, illustration originale Last Candle - format carr\u00e9","src":"https:\/\/i0.wp.com\/www.khasely.com\/wp-content\/uploads\/2023\/12\/1-carre-petite-taille.jpg?fit=750%2C750&ssl=1&resize=350%2C200","width":350,"height":200,"srcset":"https:\/\/i0.wp.com\/www.khasely.com\/wp-content\/uploads\/2023\/12\/1-carre-petite-taille.jpg?fit=750%2C750&ssl=1&resize=350%2C200 1x, https:\/\/i0.wp.com\/www.khasely.com\/wp-content\/uploads\/2023\/12\/1-carre-petite-taille.jpg?fit=750%2C750&ssl=1&resize=525%2C300 1.5x, https:\/\/i0.wp.com\/www.khasely.com\/wp-content\/uploads\/2023\/12\/1-carre-petite-taille.jpg?fit=750%2C750&ssl=1&resize=700%2C400 2x"},"classes":[]}],"jetpack_sharing_enabled":true,"_links":{"self":[{"href":"https:\/\/www.khasely.com\/en\/wp-json\/wp\/v2\/product\/859","targetHints":{"allow":["GET"]}}],"collection":[{"href":"https:\/\/www.khasely.com\/en\/wp-json\/wp\/v2\/product"}],"about":[{"href":"https:\/\/www.khasely.com\/en\/wp-json\/wp\/v2\/types\/product"}],"wp:featuredmedia":[{"embeddable":true,"href":"https:\/\/www.khasely.com\/en\/wp-json\/wp\/v2\/media\/847"}],"wp:attachment":[{"href":"https:\/\/www.khasely.com\/en\/wp-json\/wp\/v2\/media?parent=859"}],"wp:term":[{"taxonomy":"product_brand","embeddable":true,"href":"https:\/\/www.khasely.com\/en\/wp-json\/wp\/v2\/product_brand?post=859"},{"taxonomy":"product_cat","embeddable":true,"href":"https:\/\/www.khasely.com\/en\/wp-json\/wp\/v2\/product_cat?post=859"},{"taxonomy":"product_tag","embeddable":true,"href":"https:\/\/www.khasely.com\/en\/wp-json\/wp\/v2\/product_tag?post=859"}],"curies":[{"name":"wp","href":"https:\/\/api.w.org\/{rel}","templated":true}]}}