{"id":918,"date":"2024-11-25T15:10:54","date_gmt":"2024-11-25T15:10:54","guid":{"rendered":"https:\/\/www.khasely.com\/?post_type=product&#038;p=918"},"modified":"2024-11-25T15:10:54","modified_gmt":"2024-11-25T15:10:54","slug":"carte-cadeau","status":"publish","type":"product","link":"https:\/\/www.khasely.com\/en\/product\/carte-cadeau\/","title":{"rendered":"Carte Cadeau"},"content":{"rendered":"","protected":false},"excerpt":{"rendered":"<p>Carte cadeau tatouage \u00e0 valoir sur un flash ou un projet, valable 1 an \u00e0 compter de la date d\u2019achat.<\/p>\n<p>Envoi de la carte d\u00e9mat\u00e9rialis\u00e9e par mail.<\/p>\n<p>Merci d\u2019ajouter en commentaire de commande :<br \/>\n\"From [Name]\"<br \/>\n\"For [Name]\"<\/p>\n<p>For a personalized amount, contact me directly via the contact form.<\/p>","protected":false},"featured_media":936,"template":"","meta":{"site-sidebar-layout":"default","site-content-layout":"","ast-site-content-layout":"default","site-content-style":"default","site-sidebar-style":"default","ast-global-header-display":"","ast-banner-title-visibility":"","ast-main-header-display":"","ast-hfb-above-header-display":"","ast-hfb-below-header-display":"","ast-hfb-mobile-header-display":"","site-post-title":"","ast-breadcrumbs-content":"","ast-featured-img":"","footer-sml-layout":"","theme-transparent-header-meta":"default","adv-header-id-meta":"","stick-header-meta":"","header-above-stick-meta":"","header-main-stick-meta":"","header-below-stick-meta":"","astra-migrate-meta-layouts":"set","ast-page-background-enabled":"default","ast-page-background-meta":{"desktop":{"background-color":"var(--ast-global-color-4)","background-image":"","background-repeat":"repeat","background-position":"center center","background-size":"auto","background-attachment":"scroll","background-type":"","background-media":"","overlay-type":"","overlay-color":"","overlay-opacity":"","overlay-gradient":""},"tablet":{"background-color":"","background-image":"","background-repeat":"repeat","background-position":"center center","background-size":"auto","background-attachment":"scroll","background-type":"","background-media":"","overlay-type":"","overlay-color":"","overlay-opacity":"","overlay-gradient":""},"mobile":{"background-color":"","background-image":"","background-repeat":"repeat","background-position":"center center","background-size":"auto","background-attachment":"scroll","background-type":"","background-media":"","overlay-type":"","overlay-color":"","overlay-opacity":"","overlay-gradient":""}},"ast-content-background-meta":{"desktop":{"background-color":"var(--ast-global-color-5)","background-image":"","background-repeat":"repeat","background-position":"center center","background-size":"auto","background-attachment":"scroll","background-type":"","background-media":"","overlay-type":"","overlay-color":"","overlay-opacity":"","overlay-gradient":""},"tablet":{"background-color":"var(--ast-global-color-5)","background-image":"","background-repeat":"repeat","background-position":"center center","background-size":"auto","background-attachment":"scroll","background-type":"","background-media":"","overlay-type":"","overlay-color":"","overlay-opacity":"","overlay-gradient":""},"mobile":{"background-color":"var(--ast-global-color-5)","background-image":"","background-repeat":"repeat","background-position":"center center","background-size":"auto","background-attachment":"scroll","background-type":"","background-media":"","overlay-type":"","overlay-color":"","overlay-opacity":"","overlay-gradient":""}}},"product_brand":[],"product_cat":[39,49],"product_tag":[],"class_list":{"0":"post-918","1":"product","2":"type-product","3":"status-publish","4":"has-post-thumbnail","6":"product_cat-non-classe","7":"product_cat-tatouage-carte-cadeau","8":"desktop-align-left","9":"tablet-align-left","10":"mobile-align-left","12":"first","13":"instock","14":"shipping-taxable","15":"purchasable","16":"product-type-variable"},"jetpack-related-posts":[{"id":489,"url":"https:\/\/www.khasely.com\/en\/product\/reflection\/","url_meta":{"origin":918,"position":0},"title":"Reflection","author":"Khasely","date":"November 9, 2022","format":false,"excerpt":"Reflection est une illustration originale, dessin\u00e9e \u00e0 la main. Pas de reproduction pr\u00e9vue de cette illustration. Taille : A4 (21x29,7 cm). Reproduction pr\u00e9vue : Non Mat\u00e9riel : crayons de couleur Papier : papier lisse 250g Vendu sans cadre. Envoi soign\u00e9 sous 7 jours. Le rendu des \u00e9crans d\u2019ordinateur, des tablettes\u2026","rel":"","context":"Similar post","block_context":{"text":"Similar post","link":""},"img":{"alt_text":"Khasely, illustration Reflection","src":"https:\/\/i0.wp.com\/www.khasely.com\/wp-content\/uploads\/2023\/04\/Khasely-illustration-Reflection.jpg?fit=867%2C867&ssl=1&resize=350%2C200","width":350,"height":200,"srcset":"https:\/\/i0.wp.com\/www.khasely.com\/wp-content\/uploads\/2023\/04\/Khasely-illustration-Reflection.jpg?fit=867%2C867&ssl=1&resize=350%2C200 1x, https:\/\/i0.wp.com\/www.khasely.com\/wp-content\/uploads\/2023\/04\/Khasely-illustration-Reflection.jpg?fit=867%2C867&ssl=1&resize=525%2C300 1.5x, https:\/\/i0.wp.com\/www.khasely.com\/wp-content\/uploads\/2023\/04\/Khasely-illustration-Reflection.jpg?fit=867%2C867&ssl=1&resize=700%2C400 2x"},"classes":[]},{"id":531,"url":"https:\/\/www.khasely.com\/en\/product\/concrescence\/","url_meta":{"origin":918,"position":1},"title":"Concrescence","author":"Khasely","date":"December 7, 2022","format":false,"excerpt":"Concrescence est une illustration originale, dessin\u00e9e \u00e0 la main. Pas de reproduction pr\u00e9vue de cette illustration. Taille : 229x305 mm. Reproduction pr\u00e9vue : Non Mat\u00e9riel : encre et feutre Papier : papier aquarelle 100% cellulose, 300g Vendu sans cadre. Envoi soign\u00e9 sous 7 jours. Le rendu des \u00e9crans d\u2019ordinateur, des\u2026","rel":"","context":"Similar post","block_context":{"text":"Similar post","link":""},"img":{"alt_text":"Khasely - Illustration Concrescence","src":"https:\/\/i0.wp.com\/www.khasely.com\/wp-content\/uploads\/2022\/12\/Concrescence-petite-taille.jpg?fit=1050%2C1050&ssl=1&resize=350%2C200","width":350,"height":200,"srcset":"https:\/\/i0.wp.com\/www.khasely.com\/wp-content\/uploads\/2022\/12\/Concrescence-petite-taille.jpg?fit=1050%2C1050&ssl=1&resize=350%2C200 1x, https:\/\/i0.wp.com\/www.khasely.com\/wp-content\/uploads\/2022\/12\/Concrescence-petite-taille.jpg?fit=1050%2C1050&ssl=1&resize=525%2C300 1.5x, https:\/\/i0.wp.com\/www.khasely.com\/wp-content\/uploads\/2022\/12\/Concrescence-petite-taille.jpg?fit=1050%2C1050&ssl=1&resize=700%2C400 2x, https:\/\/i0.wp.com\/www.khasely.com\/wp-content\/uploads\/2022\/12\/Concrescence-petite-taille.jpg?fit=1050%2C1050&ssl=1&resize=1050%2C600 3x"},"classes":[]},{"id":539,"url":"https:\/\/www.khasely.com\/en\/product\/old-mug\/","url_meta":{"origin":918,"position":2},"title":"Old Mug","author":"Khasely","date":"March 28, 2023","format":false,"excerpt":"Old Mug est une \u0153uvre originale, dessin\u00e9e et peinte \u00e0 la main. Pas de reproduction pr\u00e9vue de cette illustration. Taille : A5 (14,8 x 21 cm). Reproduction pr\u00e9vue : Non Mat\u00e9riel : encre Papier : papier lisse 250g Vendu sans cadre. Envoi soign\u00e9 sous 7 jours. Le rendu des \u00e9crans\u2026","rel":"","context":"Similar post","block_context":{"text":"Similar post","link":""},"img":{"alt_text":"Khasely, illustration Old Mug","src":"https:\/\/i0.wp.com\/www.khasely.com\/wp-content\/uploads\/2023\/04\/Khasely-illustration-Old-Mug.jpg?fit=867%2C867&ssl=1&resize=350%2C200","width":350,"height":200,"srcset":"https:\/\/i0.wp.com\/www.khasely.com\/wp-content\/uploads\/2023\/04\/Khasely-illustration-Old-Mug.jpg?fit=867%2C867&ssl=1&resize=350%2C200 1x, https:\/\/i0.wp.com\/www.khasely.com\/wp-content\/uploads\/2023\/04\/Khasely-illustration-Old-Mug.jpg?fit=867%2C867&ssl=1&resize=525%2C300 1.5x, https:\/\/i0.wp.com\/www.khasely.com\/wp-content\/uploads\/2023\/04\/Khasely-illustration-Old-Mug.jpg?fit=867%2C867&ssl=1&resize=700%2C400 2x"},"classes":[]},{"id":859,"url":"https:\/\/www.khasely.com\/en\/product\/print-hecate\/","url_meta":{"origin":918,"position":3},"title":"Print : Hecate","author":"Khasely","date":"November 25, 2024","format":false,"excerpt":"Hecate est une illustration cr\u00e9\u00e9e en num\u00e9rique, en 2023, en tirage limit\u00e9 \u00e0 100 exemplaires. Taille : A4. Papier : papier textur\u00e9 Rives Tradition 250g Reproduction imprim\u00e9e. Tirage limit\u00e9 : 100 exemplaires Vendu sans cadre. Envoi soign\u00e9 sous 7 jours. Le rendu des \u00e9crans d\u2019ordinateur, des tablettes et des t\u00e9l\u00e9phones\u2026","rel":"","context":"Similar post","block_context":{"text":"Similar post","link":""},"img":{"alt_text":"Khasely - art - print Hecate 1","src":"https:\/\/i0.wp.com\/www.khasely.com\/wp-content\/uploads\/2023\/11\/Hecate-1-petite-taille.jpg?fit=960%2C960&ssl=1&resize=350%2C200","width":350,"height":200,"srcset":"https:\/\/i0.wp.com\/www.khasely.com\/wp-content\/uploads\/2023\/11\/Hecate-1-petite-taille.jpg?fit=960%2C960&ssl=1&resize=350%2C200 1x, https:\/\/i0.wp.com\/www.khasely.com\/wp-content\/uploads\/2023\/11\/Hecate-1-petite-taille.jpg?fit=960%2C960&ssl=1&resize=525%2C300 1.5x, https:\/\/i0.wp.com\/www.khasely.com\/wp-content\/uploads\/2023\/11\/Hecate-1-petite-taille.jpg?fit=960%2C960&ssl=1&resize=700%2C400 2x"},"classes":[]},{"id":525,"url":"https:\/\/www.khasely.com\/en\/product\/fortune-teller\/","url_meta":{"origin":918,"position":4},"title":"Fortune-teller","author":"Khasely","date":"December 5, 2022","format":false,"excerpt":"Fortune-teller est une illustration originale, peinte et dessin\u00e9e \u00e0 la main. Pas de reproduction pr\u00e9vue de cette illustration. Taille : A4 (21x29,7 cm). Reproduction pr\u00e9vue : Non Mat\u00e9riel : peinture aquarelle et feutres Papier : papier aquarelle 100% coton 300g Vendu sans cadre. Envoi soign\u00e9 sous 7 jours. Le rendu\u2026","rel":"","context":"Similar post","block_context":{"text":"Similar post","link":""},"img":{"alt_text":"Khasely - Fortune-teller illustration","src":"https:\/\/i0.wp.com\/www.khasely.com\/wp-content\/uploads\/2022\/12\/Fortune-teller.jpg?fit=849%2C849&ssl=1&resize=350%2C200","width":350,"height":200,"srcset":"https:\/\/i0.wp.com\/www.khasely.com\/wp-content\/uploads\/2022\/12\/Fortune-teller.jpg?fit=849%2C849&ssl=1&resize=350%2C200 1x, https:\/\/i0.wp.com\/www.khasely.com\/wp-content\/uploads\/2022\/12\/Fortune-teller.jpg?fit=849%2C849&ssl=1&resize=525%2C300 1.5x, https:\/\/i0.wp.com\/www.khasely.com\/wp-content\/uploads\/2022\/12\/Fortune-teller.jpg?fit=849%2C849&ssl=1&resize=700%2C400 2x"},"classes":[]},{"id":860,"url":"https:\/\/www.khasely.com\/en\/product\/light-in-darkness\/","url_meta":{"origin":918,"position":5},"title":"Light in Darkness","author":"Khasely","date":"November 26, 2023","format":false,"excerpt":"Light in Darkness est une illustration originale, dessin\u00e9e \u00e0 la main. Pas de reproduction pr\u00e9vue de cette illustration. Taille : 210x297 mm. Reproduction pr\u00e9vue : Non Mat\u00e9riel : encre, feutre, crayons Papier : papier lisse 250g Vendu sans cadre. Envoi soign\u00e9 sous 7 jours. Le rendu des \u00e9crans d\u2019ordinateur, des\u2026","rel":"","context":"Similar post","block_context":{"text":"Similar post","link":""},"img":{"alt_text":"Khasely, illustration originale Light in darkness - 1","src":"https:\/\/i0.wp.com\/www.khasely.com\/wp-content\/uploads\/2023\/09\/Light-in-darkness-1-petite-taille.jpg?fit=800%2C800&ssl=1&resize=350%2C200","width":350,"height":200,"srcset":"https:\/\/i0.wp.com\/www.khasely.com\/wp-content\/uploads\/2023\/09\/Light-in-darkness-1-petite-taille.jpg?fit=800%2C800&ssl=1&resize=350%2C200 1x, https:\/\/i0.wp.com\/www.khasely.com\/wp-content\/uploads\/2023\/09\/Light-in-darkness-1-petite-taille.jpg?fit=800%2C800&ssl=1&resize=525%2C300 1.5x, https:\/\/i0.wp.com\/www.khasely.com\/wp-content\/uploads\/2023\/09\/Light-in-darkness-1-petite-taille.jpg?fit=800%2C800&ssl=1&resize=700%2C400 2x"},"classes":[]}],"jetpack_sharing_enabled":true,"_links":{"self":[{"href":"https:\/\/www.khasely.com\/en\/wp-json\/wp\/v2\/product\/918","targetHints":{"allow":["GET"]}}],"collection":[{"href":"https:\/\/www.khasely.com\/en\/wp-json\/wp\/v2\/product"}],"about":[{"href":"https:\/\/www.khasely.com\/en\/wp-json\/wp\/v2\/types\/product"}],"wp:featuredmedia":[{"embeddable":true,"href":"https:\/\/www.khasely.com\/en\/wp-json\/wp\/v2\/media\/936"}],"wp:attachment":[{"href":"https:\/\/www.khasely.com\/en\/wp-json\/wp\/v2\/media?parent=918"}],"wp:term":[{"taxonomy":"product_brand","embeddable":true,"href":"https:\/\/www.khasely.com\/en\/wp-json\/wp\/v2\/product_brand?post=918"},{"taxonomy":"product_cat","embeddable":true,"href":"https:\/\/www.khasely.com\/en\/wp-json\/wp\/v2\/product_cat?post=918"},{"taxonomy":"product_tag","embeddable":true,"href":"https:\/\/www.khasely.com\/en\/wp-json\/wp\/v2\/product_tag?post=918"}],"curies":[{"name":"wp","href":"https:\/\/api.w.org\/{rel}","templated":true}]}}